{"id":21851,"date":"2025-05-07T00:11:07","date_gmt":"2025-05-07T05:11:07","guid":{"rendered":"https:\/\/solano-law.com\/condiciones-de-uso\/"},"modified":"2025-05-29T21:10:05","modified_gmt":"2025-05-30T02:10:05","slug":"terminos-de-uso","status":"publish","type":"page","link":"https:\/\/solano-law.com\/es\/terminos-de-uso\/","title":{"rendered":"T\u00e9rminos de Uso"},"content":{"rendered":"\t\t<div data-elementor-type=\"wp-page\" data-elementor-id=\"21851\" class=\"elementor elementor-21851 elementor-21441\" data-elementor-post-type=\"page\">\n\t\t\t\t<div class=\"elementor-element elementor-element-1859aa2 e-con-full wd-section-stretch e-flex e-con e-parent\" data-id=\"1859aa2\" data-element_type=\"container\" data-e-type=\"container\" data-settings=\"{&quot;background_background&quot;:&quot;classic&quot;}\">\n\t\t\t\t<div class=\"elementor-element elementor-element-fd2ef5c elementor-widget elementor-widget-heading\" data-id=\"fd2ef5c\" data-element_type=\"widget\" data-e-type=\"widget\" data-widget_type=\"heading.default\">\n\t\t\t\t<div class=\"elementor-widget-container\">\n\t\t\t\t\t<h2 class=\"elementor-heading-title elementor-size-default\">T\u00e9rminos de Uso<\/h2>\t\t\t\t<\/div>\n\t\t\t\t<\/div>\n\t\t\t\t<\/div>\n\t\t<div class=\"elementor-element elementor-element-63f4d5a wd-section-stretch e-flex e-con-boxed e-con e-parent\" data-id=\"63f4d5a\" data-element_type=\"container\" data-e-type=\"container\" data-settings=\"{&quot;background_background&quot;:&quot;classic&quot;}\">\n\t\t\t\t\t<div class=\"e-con-inner\">\n\t\t<div class=\"wd-negative-gap elementor-element elementor-element-eae29fb e-flex e-con-boxed e-con e-child\" data-id=\"eae29fb\" data-element_type=\"container\" data-e-type=\"container\">\n\t\t\t\t\t<div class=\"e-con-inner\">\n\t\t\t\t<div class=\"elementor-element elementor-element-5b8234d color-scheme-inherit text-left elementor-widget elementor-widget-text-editor\" data-id=\"5b8234d\" data-element_type=\"widget\" data-e-type=\"widget\" data-widget_type=\"text-editor.default\">\n\t\t\t\t<div class=\"elementor-widget-container\">\n\t\t\t\t\t\t\t\t\t<p><b>POR FAVOR LEA CUIDADOSAMENTE LA PRESENTE ADVERTENCIA. AL UTILIZAR ESTE SITIO WEB, USTED INDICA SU ACEPTACI\u00d3N DE LOS T\u00c9RMINOS ENUNCIADOS A CONTINUACI\u00d3N. SI USTED NO ACEPTA ESTOS T\u00c9RMINOS, POR FAVOR NO UTILICE ESTE SITIO WEB.<\/b><\/p><p>Este sitio web y el material aqu\u00ed contenido han sido preparados por Estudio Jur\u00eddico El\u00edas Solano solamente para efectos informativos, y no constituye una asesor\u00eda legal. Aun cuando se realizan esfuerzos por mantener actualizado el contenido de este sitio web, el mismo podr\u00eda no reflejar las \u00faltimas implementaciones legales. La informaci\u00f3n de este sitio web no debe ser utilizada ni ejecutada sin obtener de manera previa, asesor\u00eda profesional por parte de un abogado autorizado para la pr\u00e1ctica del Derecho en su jurisdicci\u00f3n local.<\/p><p>El acceso a este sitio web, incluyendo el recibo del material all\u00ed contenido y la comunicaci\u00f3n por este conducto con alg\u00fan abogado del Estudio Jur\u00eddico El\u00edas Solano, no crea ni constituye una relaci\u00f3n abogado-cliente. Estudio Jur\u00eddico El\u00edas Solano manifiesta expresamente que no asume ninguna responsabilidad, expresa ni impl\u00edcita, por cualquier acci\u00f3n adoptada o no adoptada sobre la base de la informaci\u00f3n aqu\u00ed contenida.<\/p>\t\t\t\t\t\t\t\t<\/div>\n\t\t\t\t<\/div>\n\t\t\t\t\t<\/div>\n\t\t\t\t<\/div>\n\t\t\t\t\t<\/div>\n\t\t\t\t<\/div>\n\t\t\t\t<\/div>\n\t\t","protected":false},"excerpt":{"rendered":"<p>T\u00e9rminos de Uso POR FAVOR LEA CUIDADOSAMENTE LA PRESENTE ADVERTENCIA. AL UTILIZAR ESTE SITIO WEB, USTED INDICA SU ACEPTACI\u00d3N DE<\/p>\n","protected":false},"author":1,"featured_media":0,"parent":0,"menu_order":0,"comment_status":"closed","ping_status":"closed","template":"elementor_header_footer","meta":{"footnotes":""},"class_list":["post-21851","page","type-page","status-publish","hentry"],"_links":{"self":[{"href":"https:\/\/solano-law.com\/es\/wp-json\/wp\/v2\/pages\/21851","targetHints":{"allow":["GET"]}}],"collection":[{"href":"https:\/\/solano-law.com\/es\/wp-json\/wp\/v2\/pages"}],"about":[{"href":"https:\/\/solano-law.com\/es\/wp-json\/wp\/v2\/types\/page"}],"author":[{"embeddable":true,"href":"https:\/\/solano-law.com\/es\/wp-json\/wp\/v2\/users\/1"}],"replies":[{"embeddable":true,"href":"https:\/\/solano-law.com\/es\/wp-json\/wp\/v2\/comments?post=21851"}],"version-history":[{"count":6,"href":"https:\/\/solano-law.com\/es\/wp-json\/wp\/v2\/pages\/21851\/revisions"}],"predecessor-version":[{"id":22063,"href":"https:\/\/solano-law.com\/es\/wp-json\/wp\/v2\/pages\/21851\/revisions\/22063"}],"wp:attachment":[{"href":"https:\/\/solano-law.com\/es\/wp-json\/wp\/v2\/media?parent=21851"}],"curies":[{"name":"wp","href":"https:\/\/api.w.org\/{rel}","templated":true}]}}