{"id":21852,"date":"2025-05-08T09:44:31","date_gmt":"2025-05-08T14:44:31","guid":{"rendered":"https:\/\/solano-law.com\/perfil-de-la-empresa\/"},"modified":"2025-05-29T18:55:13","modified_gmt":"2025-05-29T23:55:13","slug":"perfil-del-estudio","status":"publish","type":"page","link":"https:\/\/solano-law.com\/es\/perfil-del-estudio\/","title":{"rendered":"PERFIL DEL ESTUDIO"},"content":{"rendered":"\t\t<div data-elementor-type=\"wp-page\" data-elementor-id=\"21852\" class=\"elementor elementor-21852 elementor-21467\" data-elementor-post-type=\"page\">\n\t\t\t\t<div class=\"elementor-element elementor-element-9a5671c e-con-full wd-section-stretch e-flex e-con e-parent\" data-id=\"9a5671c\" data-element_type=\"container\" data-e-type=\"container\" data-settings=\"{&quot;background_background&quot;:&quot;classic&quot;}\">\n\t\t\t\t<div class=\"elementor-element elementor-element-39b13b4 elementor-widget elementor-widget-heading\" data-id=\"39b13b4\" data-element_type=\"widget\" data-e-type=\"widget\" data-widget_type=\"heading.default\">\n\t\t\t\t<div class=\"elementor-widget-container\">\n\t\t\t\t\t<h2 class=\"elementor-heading-title elementor-size-default\">Perfil del Estudio<\/h2>\t\t\t\t<\/div>\n\t\t\t\t<\/div>\n\t\t\t\t<\/div>\n\t\t<div class=\"elementor-element elementor-element-3e554a5 wd-section-stretch e-flex e-con-boxed e-con e-parent\" data-id=\"3e554a5\" data-element_type=\"container\" data-e-type=\"container\" data-settings=\"{&quot;background_background&quot;:&quot;classic&quot;}\">\n\t\t\t\t\t<div class=\"e-con-inner\">\n\t\t<div class=\"wd-negative-gap elementor-element elementor-element-6d3fd7c e-flex e-con-boxed e-con e-child\" data-id=\"6d3fd7c\" data-element_type=\"container\" data-e-type=\"container\">\n\t\t\t\t\t<div class=\"e-con-inner\">\n\t\t\t\t<div class=\"elementor-element elementor-element-d0a30d2 elementor-widget elementor-widget-heading\" data-id=\"d0a30d2\" data-element_type=\"widget\" data-e-type=\"widget\" data-widget_type=\"heading.default\">\n\t\t\t\t<div class=\"elementor-widget-container\">\n\t\t\t\t\t<h2 class=\"elementor-heading-title elementor-size-default\">Qui\u00e9nes somos<\/h2>\t\t\t\t<\/div>\n\t\t\t\t<\/div>\n\t\t\t\t\t<\/div>\n\t\t\t\t<\/div>\n\t\t<div class=\"wd-negative-gap elementor-element elementor-element-60dd8a5 e-flex e-con-boxed e-con e-child\" data-id=\"60dd8a5\" data-element_type=\"container\" data-e-type=\"container\">\n\t\t\t\t\t<div class=\"e-con-inner\">\n\t\t\t\t<div class=\"elementor-element elementor-element-654a6bf color-scheme-inherit text-left elementor-widget elementor-widget-text-editor\" data-id=\"654a6bf\" data-element_type=\"widget\" data-e-type=\"widget\" data-widget_type=\"text-editor.default\">\n\t\t\t\t<div class=\"elementor-widget-container\">\n\t\t\t\t\t\t\t\t\t<p>Ubicado en el centro de la ciudad de Panam\u00e1,\u00a0<b>Estudio Jur\u00eddico El\u00edas Solano\u00a0<\/b>es un despacho forense de corte integral en cuya oferta de servicios convergen de manera completa, los diversos asuntos legales requeridos por personas y empresas. Su fundador, el Licenciado Elias Solano, se especializa adem\u00e1s en representaciones penales y litigios civiles de inusual complejidad. Adem\u00e1s, el estudio brinda especial atenci\u00f3n y asesor\u00eda en asuntos corporativos, tales como la constituci\u00f3n y administraci\u00f3n de sociedades y fundaciones, registro de marcas y patentes, inversiones, asuntos migratorios, bienes ra\u00edces y concesiones del Estado, entre otros.<\/p><p>La firma se caracteriza por ofrecer a sus clientes un servicio completo y de primera clase, brindando as\u00ed la seguridad y eficiencia que toda persona y empresa requiere al confiar sus asuntos legales a un despacho legal. En\u00a0<b>Estudio Jur\u00eddico El\u00edas Solano<\/b>\u00a0los canales de comunicaci\u00f3n son abiertos en todo momento y el trato es directo, expedito y personalizado.<\/p>\t\t\t\t\t\t\t\t<\/div>\n\t\t\t\t<\/div>\n\t\t\t\t\t<\/div>\n\t\t\t\t<\/div>\n\t\t\t\t\t<\/div>\n\t\t\t\t<\/div>\n\t\t\t\t<\/div>\n\t\t","protected":false},"excerpt":{"rendered":"<p>Perfil del Estudio Qui\u00e9nes somos Ubicado en el centro de la ciudad de Panam\u00e1,\u00a0Estudio Jur\u00eddico El\u00edas Solano\u00a0es un despacho forense<\/p>\n","protected":false},"author":1,"featured_media":0,"parent":0,"menu_order":0,"comment_status":"closed","ping_status":"closed","template":"elementor_header_footer","meta":{"footnotes":""},"class_list":["post-21852","page","type-page","status-publish","hentry"],"_links":{"self":[{"href":"https:\/\/solano-law.com\/es\/wp-json\/wp\/v2\/pages\/21852","targetHints":{"allow":["GET"]}}],"collection":[{"href":"https:\/\/solano-law.com\/es\/wp-json\/wp\/v2\/pages"}],"about":[{"href":"https:\/\/solano-law.com\/es\/wp-json\/wp\/v2\/types\/page"}],"author":[{"embeddable":true,"href":"https:\/\/solano-law.com\/es\/wp-json\/wp\/v2\/users\/1"}],"replies":[{"embeddable":true,"href":"https:\/\/solano-law.com\/es\/wp-json\/wp\/v2\/comments?post=21852"}],"version-history":[{"count":7,"href":"https:\/\/solano-law.com\/es\/wp-json\/wp\/v2\/pages\/21852\/revisions"}],"predecessor-version":[{"id":21930,"href":"https:\/\/solano-law.com\/es\/wp-json\/wp\/v2\/pages\/21852\/revisions\/21930"}],"wp:attachment":[{"href":"https:\/\/solano-law.com\/es\/wp-json\/wp\/v2\/media?parent=21852"}],"curies":[{"name":"wp","href":"https:\/\/api.w.org\/{rel}","templated":true}]}}