{"id":21856,"date":"2025-05-06T23:34:26","date_gmt":"2025-05-07T04:34:26","guid":{"rendered":"https:\/\/solano-law.com\/industria-cinematografica\/"},"modified":"2025-05-29T21:24:40","modified_gmt":"2025-05-30T02:24:40","slug":"industria-del-cine","status":"publish","type":"page","link":"https:\/\/solano-law.com\/es\/oportunidades-de-inversion-en-panama\/industria-del-cine\/","title":{"rendered":"Industria del Cine"},"content":{"rendered":"\t\t<div data-elementor-type=\"wp-page\" data-elementor-id=\"21856\" class=\"elementor elementor-21856 elementor-21369\" data-elementor-post-type=\"page\">\n\t\t\t\t<div class=\"elementor-element elementor-element-ed9ba6a e-con-full wd-section-stretch e-flex e-con e-parent\" data-id=\"ed9ba6a\" data-element_type=\"container\" data-e-type=\"container\" data-settings=\"{&quot;background_background&quot;:&quot;classic&quot;}\">\n\t\t\t\t<div class=\"elementor-element elementor-element-5d0c2bd elementor-widget-mobile__width-initial elementor-widget elementor-widget-heading\" data-id=\"5d0c2bd\" data-element_type=\"widget\" data-e-type=\"widget\" data-widget_type=\"heading.default\">\n\t\t\t\t<div class=\"elementor-widget-container\">\n\t\t\t\t\t<h2 class=\"elementor-heading-title elementor-size-default\">Oportunidades de Inversi\u00f3n en Panam\u00e1<\/h2>\t\t\t\t<\/div>\n\t\t\t\t<\/div>\n\t\t\t\t<\/div>\n\t\t<div class=\"elementor-element elementor-element-c1af270 wd-section-stretch e-flex e-con-boxed e-con e-parent\" data-id=\"c1af270\" data-element_type=\"container\" data-e-type=\"container\" data-settings=\"{&quot;background_background&quot;:&quot;classic&quot;}\">\n\t\t\t\t\t<div class=\"e-con-inner\">\n\t\t<div class=\"elementor-element elementor-element-6301257 e-flex e-con-boxed e-con e-child\" data-id=\"6301257\" data-element_type=\"container\" data-e-type=\"container\">\n\t\t\t\t\t<div class=\"e-con-inner\">\n\t\t<div class=\"elementor-element elementor-element-75463ba e-con-full e-flex e-con e-child\" data-id=\"75463ba\" data-element_type=\"container\" data-e-type=\"container\">\n\t\t\t\t<div class=\"elementor-element elementor-element-7f13ecd elementor-widget elementor-widget-heading\" data-id=\"7f13ecd\" data-element_type=\"widget\" data-e-type=\"widget\" data-widget_type=\"heading.default\">\n\t\t\t\t<div class=\"elementor-widget-container\">\n\t\t\t\t\t<h2 class=\"elementor-heading-title elementor-size-default\">Oportunidades de Inversi\u00f3n<\/h2>\t\t\t\t<\/div>\n\t\t\t\t<\/div>\n\t\t\t\t<div class=\"elementor-element elementor-element-97220dc elementor-nav-menu__align-start elementor-nav-menu--dropdown-none elementor-widget elementor-widget-nav-menu\" data-id=\"97220dc\" data-element_type=\"widget\" data-e-type=\"widget\" data-settings=\"{&quot;layout&quot;:&quot;vertical&quot;,&quot;submenu_icon&quot;:{&quot;value&quot;:&quot;&lt;svg aria-hidden=\\&quot;true\\&quot; class=\\&quot;e-font-icon-svg e-fas-caret-down\\&quot; viewBox=\\&quot;0 0 320 512\\&quot; xmlns=\\&quot;http:\\\/\\\/www.w3.org\\\/2000\\\/svg\\&quot;&gt;&lt;path d=\\&quot;M31.3 192h257.3c17.8 0 26.7 21.5 14.1 34.1L174.1 354.8c-7.8 7.8-20.5 7.8-28.3 0L17.2 226.1C4.6 213.5 13.5 192 31.3 192z\\&quot;&gt;&lt;\\\/path&gt;&lt;\\\/svg&gt;&quot;,&quot;library&quot;:&quot;fa-solid&quot;}}\" data-widget_type=\"nav-menu.default\">\n\t\t\t\t<div class=\"elementor-widget-container\">\n\t\t\t\t\t\t\t\t<nav aria-label=\"Menu\" class=\"elementor-nav-menu--main elementor-nav-menu__container elementor-nav-menu--layout-vertical e--pointer-background e--animation-fade\">\n\t\t\t\t<ul id=\"menu-1-97220dc\" class=\"elementor-nav-menu sm-vertical\"><li class=\"menu-item menu-item-type-post_type menu-item-object-page menu-item-21970\"><a href=\"https:\/\/solano-law.com\/es\/oportunidades-de-inversion-en-panama\/zonas-procesadoras-para-la-exportacion\/\" class=\"elementor-item\">Zonas Procesadoras Para la Exportaci\u00f3n<\/a><\/li>\n<li class=\"menu-item menu-item-type-post_type menu-item-object-page menu-item-21972\"><a href=\"https:\/\/solano-law.com\/es\/oportunidades-de-inversion-en-panama\/zona-libre-de-colon\/\" class=\"elementor-item\">Zona Libre de Col\u00f3n<\/a><\/li>\n<li class=\"menu-item menu-item-type-post_type menu-item-object-page menu-item-21973\"><a href=\"https:\/\/solano-law.com\/es\/oportunidades-de-inversion-en-panama\/inversion-en-proyectos-turisticos\/\" class=\"elementor-item\">Inversi\u00f3n en Proyectos Tur\u00edsticos<\/a><\/li>\n<li class=\"menu-item menu-item-type-post_type menu-item-object-page menu-item-21974\"><a href=\"https:\/\/solano-law.com\/es\/oportunidades-de-inversion-en-panama\/ciudad-del-saber-y-tecno-parque\/\" class=\"elementor-item\">Ciudad del Saber y Tecno-Parque<\/a><\/li>\n<li class=\"menu-item menu-item-type-post_type menu-item-object-page menu-item-21975\"><a href=\"https:\/\/solano-law.com\/es\/oportunidades-de-inversion-en-panama\/industria-del-cine\/\" class=\"elementor-item\">Industria del Cine<\/a><\/li>\n<li class=\"menu-item menu-item-type-post_type menu-item-object-page menu-item-21976\"><a href=\"https:\/\/solano-law.com\/es\/oportunidades-de-inversion-en-panama\/agencia-panama-pacifico\/\" class=\"elementor-item\">Agencia Panam\u00e1 Pac\u00edfico<\/a><\/li>\n<\/ul>\t\t\t<\/nav>\n\t\t\t\t\t\t<nav class=\"elementor-nav-menu--dropdown elementor-nav-menu__container\" aria-hidden=\"true\">\n\t\t\t\t<ul id=\"menu-2-97220dc\" class=\"elementor-nav-menu sm-vertical\"><li class=\"menu-item menu-item-type-post_type menu-item-object-page menu-item-21970\"><a href=\"https:\/\/solano-law.com\/es\/oportunidades-de-inversion-en-panama\/zonas-procesadoras-para-la-exportacion\/\" class=\"elementor-item\" tabindex=\"-1\">Zonas Procesadoras Para la Exportaci\u00f3n<\/a><\/li>\n<li class=\"menu-item menu-item-type-post_type menu-item-object-page menu-item-21972\"><a href=\"https:\/\/solano-law.com\/es\/oportunidades-de-inversion-en-panama\/zona-libre-de-colon\/\" class=\"elementor-item\" tabindex=\"-1\">Zona Libre de Col\u00f3n<\/a><\/li>\n<li class=\"menu-item menu-item-type-post_type menu-item-object-page menu-item-21973\"><a href=\"https:\/\/solano-law.com\/es\/oportunidades-de-inversion-en-panama\/inversion-en-proyectos-turisticos\/\" class=\"elementor-item\" tabindex=\"-1\">Inversi\u00f3n en Proyectos Tur\u00edsticos<\/a><\/li>\n<li class=\"menu-item menu-item-type-post_type menu-item-object-page menu-item-21974\"><a href=\"https:\/\/solano-law.com\/es\/oportunidades-de-inversion-en-panama\/ciudad-del-saber-y-tecno-parque\/\" class=\"elementor-item\" tabindex=\"-1\">Ciudad del Saber y Tecno-Parque<\/a><\/li>\n<li class=\"menu-item menu-item-type-post_type menu-item-object-page menu-item-21975\"><a href=\"https:\/\/solano-law.com\/es\/oportunidades-de-inversion-en-panama\/industria-del-cine\/\" class=\"elementor-item\" tabindex=\"-1\">Industria del Cine<\/a><\/li>\n<li class=\"menu-item menu-item-type-post_type menu-item-object-page menu-item-21976\"><a href=\"https:\/\/solano-law.com\/es\/oportunidades-de-inversion-en-panama\/agencia-panama-pacifico\/\" class=\"elementor-item\" tabindex=\"-1\">Agencia Panam\u00e1 Pac\u00edfico<\/a><\/li>\n<\/ul>\t\t\t<\/nav>\n\t\t\t\t\t\t<\/div>\n\t\t\t\t<\/div>\n\t\t\t\t<\/div>\n\t\t<div class=\"elementor-element elementor-element-109b1ea e-con-full e-flex e-con e-child\" data-id=\"109b1ea\" data-element_type=\"container\" data-e-type=\"container\">\n\t\t\t\t<div class=\"elementor-element elementor-element-23bf909 elementor-widget elementor-widget-heading\" data-id=\"23bf909\" data-element_type=\"widget\" data-e-type=\"widget\" data-widget_type=\"heading.default\">\n\t\t\t\t<div class=\"elementor-widget-container\">\n\t\t\t\t\t<h2 class=\"elementor-heading-title elementor-size-default\">Industria del Cine<\/h2>\t\t\t\t<\/div>\n\t\t\t\t<\/div>\n\t\t\t\t<div class=\"elementor-element elementor-element-bb0fc99 color-scheme-inherit text-left elementor-widget elementor-widget-text-editor\" data-id=\"bb0fc99\" data-element_type=\"widget\" data-e-type=\"widget\" data-widget_type=\"text-editor.default\">\n\t\t\t\t<div class=\"elementor-widget-container\">\n\t\t\t\t\t\t\t\t\t<p>Desde el a\u00f1o 2007 y mediante la Ley No. 36 del mismo a\u00f1o, Panam\u00e1 fomenta la industria cinematogr\u00e1fica y audiovisual en su territorio. Esta ley fue modificada por la Ley No. 16 de 27 de abril de 2012, que al igual que su antecesora, ofrece una amplia gama de beneficios e incentivos fiscales y migratorios a quienes desarrollen o apoyen este tipo de industria en el territorio nacional.<\/p><p>La Ley No. 16 ofrece la oportunidad para que producciones cinematogr\u00e1ficas que sean desarrolladas en Panam\u00e1, est\u00e9n legalmente protegidas, al igual que sus productores, como tambi\u00e9n ofrece diversos incentivos a compa\u00f1\u00edas de distribuci\u00f3n, venta y exhibici\u00f3n de pel\u00edculas, as\u00ed como a cineastas, productores y directores. Entre los incentivos que ofrece esta novedosa legislaci\u00f3n, se encuentran los siguientes:<\/p><ul><li>La creaci\u00f3n de la Comisi\u00f3n F\u00edlmica de Panam\u00e1, la cual tiene como fin contribuir al desarrollo de la industria cinematogr\u00e1fica y audiovisual, as\u00ed como coadyuvar en el dise\u00f1o y ejecuci\u00f3n de las pol\u00edticas p\u00fablicas de promoci\u00f3n, inversi\u00f3n y comercializaci\u00f3n de obras cinematogr\u00e1ficas y audiovisuales y sus diversas manifestaciones dentro de esta industria.<\/li><li>Se crea el Registro Nacional de Incentivos donde las empresas y personas, nacionales o extranjeras, que realicen la actividad cinematogr\u00e1fica y audiovisual y que all\u00ed se inscriban, recibir\u00e1n una licencia de industria cinematogr\u00e1fica y audiovisual, y gozar\u00e1n de beneficios e incentivos fiscales y migratorios.<\/li><li>La exoneraci\u00f3n de impuestos de ingreso sobre todos los equipos utilizados en producciones cinematogr\u00e1ficas.<\/li><li>La expedici\u00f3n de permisos de residente temporal por el t\u00e9rmino de 1 a\u00f1o al personal extranjero contratado temporalmente por las empresas de servicio cinematogr\u00e1fico y audiovisual que presten sus servicios como empleados de confianza, productor, actor, t\u00e9cnico o experto.<\/li><li>La expedici\u00f3n de permiso de residente permanente en calidad de inversionista de la industria cinematogr\u00e1fica y audiovisual, a aquellos extranjeros que realicen una inversi\u00f3n en cualquiera actividad de esta industria por un monto superior a US$150,000.00.<\/li><li>Esta ley dispone que otorgado el permiso de residente temporal al personal extranjero contratado por empresas de servicio cinematogr\u00e1fico y audiovisual, no se requerir\u00e1 realizar tr\u00e1mite adicional u obtener permiso alguno de otra entidad estatal para trabajar en la empresa o para permanecer en la Rep\u00fablica de Panam\u00e1, por el t\u00e9rmino otorgado por el Servicio Nacional de Migraci\u00f3n.<\/li><li>La exoneraci\u00f3n de los impuestos, aranceles, contribuciones, tasas, derechos y grav\u00e1menes nacionales relacionados exclusivamente con este tipo de actividad en las \u00e1reas especiales por un per\u00edodo de 20 a\u00f1os.<\/li><\/ul><p>Para recibir \u00e9stos y otros beneficios, las empresas deben ser inscritas en el Registro Nacional de Producciones Cinematogr\u00e1ficas y Audiovisuales, as\u00ed como en el Registro Nacional de Incentivos.<\/p>\t\t\t\t\t\t\t\t<\/div>\n\t\t\t\t<\/div>\n\t\t\t\t<\/div>\n\t\t\t\t\t<\/div>\n\t\t\t\t<\/div>\n\t\t\t\t\t<\/div>\n\t\t\t\t<\/div>\n\t\t\t\t<\/div>\n\t\t","protected":false},"excerpt":{"rendered":"<p>Oportunidades de Inversi\u00f3n en Panam\u00e1 Oportunidades de Inversi\u00f3n Desde el a\u00f1o 2007 y mediante la Ley No. 36 del mismo<\/p>\n","protected":false},"author":1,"featured_media":0,"parent":21897,"menu_order":0,"comment_status":"closed","ping_status":"closed","template":"elementor_header_footer","meta":{"footnotes":""},"class_list":["post-21856","page","type-page","status-publish","hentry"],"_links":{"self":[{"href":"https:\/\/solano-law.com\/es\/wp-json\/wp\/v2\/pages\/21856","targetHints":{"allow":["GET"]}}],"collection":[{"href":"https:\/\/solano-law.com\/es\/wp-json\/wp\/v2\/pages"}],"about":[{"href":"https:\/\/solano-law.com\/es\/wp-json\/wp\/v2\/types\/page"}],"author":[{"embeddable":true,"href":"https:\/\/solano-law.com\/es\/wp-json\/wp\/v2\/users\/1"}],"replies":[{"embeddable":true,"href":"https:\/\/solano-law.com\/es\/wp-json\/wp\/v2\/comments?post=21856"}],"version-history":[{"count":9,"href":"https:\/\/solano-law.com\/es\/wp-json\/wp\/v2\/pages\/21856\/revisions"}],"predecessor-version":[{"id":22081,"href":"https:\/\/solano-law.com\/es\/wp-json\/wp\/v2\/pages\/21856\/revisions\/22081"}],"up":[{"embeddable":true,"href":"https:\/\/solano-law.com\/es\/wp-json\/wp\/v2\/pages\/21897"}],"wp:attachment":[{"href":"https:\/\/solano-law.com\/es\/wp-json\/wp\/v2\/media?parent=21856"}],"curies":[{"name":"wp","href":"https:\/\/api.w.org\/{rel}","templated":true}]}}