{"id":21865,"date":"2025-05-06T23:33:15","date_gmt":"2025-05-07T04:33:15","guid":{"rendered":"https:\/\/solano-law.com\/ciudad-del-saber-parque-tecnologico-internacional\/"},"modified":"2025-05-29T21:24:31","modified_gmt":"2025-05-30T02:24:31","slug":"ciudad-del-saber-y-tecno-parque","status":"publish","type":"page","link":"https:\/\/solano-law.com\/es\/oportunidades-de-inversion-en-panama\/ciudad-del-saber-y-tecno-parque\/","title":{"rendered":"Ciudad del Saber y Tecno-Parque"},"content":{"rendered":"\t\t<div data-elementor-type=\"wp-page\" data-elementor-id=\"21865\" class=\"elementor elementor-21865 elementor-21364\" data-elementor-post-type=\"page\">\n\t\t\t\t<div class=\"elementor-element elementor-element-ea18c7c e-con-full wd-section-stretch e-flex e-con e-parent\" data-id=\"ea18c7c\" data-element_type=\"container\" data-e-type=\"container\" data-settings=\"{&quot;background_background&quot;:&quot;classic&quot;}\">\n\t\t\t\t<div class=\"elementor-element elementor-element-3a5ac6f elementor-widget-mobile__width-initial elementor-widget elementor-widget-heading\" data-id=\"3a5ac6f\" data-element_type=\"widget\" data-e-type=\"widget\" data-widget_type=\"heading.default\">\n\t\t\t\t<div class=\"elementor-widget-container\">\n\t\t\t\t\t<h2 class=\"elementor-heading-title elementor-size-default\">Oportunidades de Inversi\u00f3n en Panam\u00e1<\/h2>\t\t\t\t<\/div>\n\t\t\t\t<\/div>\n\t\t\t\t<\/div>\n\t\t<div class=\"elementor-element elementor-element-e6c580e wd-section-stretch e-flex e-con-boxed e-con e-parent\" data-id=\"e6c580e\" data-element_type=\"container\" data-e-type=\"container\" data-settings=\"{&quot;background_background&quot;:&quot;classic&quot;}\">\n\t\t\t\t\t<div class=\"e-con-inner\">\n\t\t<div class=\"elementor-element elementor-element-1a3ba9b e-flex e-con-boxed e-con e-child\" data-id=\"1a3ba9b\" data-element_type=\"container\" data-e-type=\"container\">\n\t\t\t\t\t<div class=\"e-con-inner\">\n\t\t<div class=\"elementor-element elementor-element-75c2531 e-con-full e-flex e-con e-child\" data-id=\"75c2531\" data-element_type=\"container\" data-e-type=\"container\">\n\t\t\t\t<div class=\"elementor-element elementor-element-942bbff elementor-widget elementor-widget-heading\" data-id=\"942bbff\" data-element_type=\"widget\" data-e-type=\"widget\" data-widget_type=\"heading.default\">\n\t\t\t\t<div class=\"elementor-widget-container\">\n\t\t\t\t\t<h2 class=\"elementor-heading-title elementor-size-default\">Oportunidades de Inversi\u00f3n<\/h2>\t\t\t\t<\/div>\n\t\t\t\t<\/div>\n\t\t\t\t<div class=\"elementor-element elementor-element-a5a2788 elementor-nav-menu__align-start elementor-nav-menu--dropdown-none elementor-widget elementor-widget-nav-menu\" data-id=\"a5a2788\" data-element_type=\"widget\" data-e-type=\"widget\" data-settings=\"{&quot;layout&quot;:&quot;vertical&quot;,&quot;submenu_icon&quot;:{&quot;value&quot;:&quot;&lt;svg aria-hidden=\\&quot;true\\&quot; class=\\&quot;e-font-icon-svg e-fas-caret-down\\&quot; viewBox=\\&quot;0 0 320 512\\&quot; xmlns=\\&quot;http:\\\/\\\/www.w3.org\\\/2000\\\/svg\\&quot;&gt;&lt;path d=\\&quot;M31.3 192h257.3c17.8 0 26.7 21.5 14.1 34.1L174.1 354.8c-7.8 7.8-20.5 7.8-28.3 0L17.2 226.1C4.6 213.5 13.5 192 31.3 192z\\&quot;&gt;&lt;\\\/path&gt;&lt;\\\/svg&gt;&quot;,&quot;library&quot;:&quot;fa-solid&quot;}}\" data-widget_type=\"nav-menu.default\">\n\t\t\t\t<div class=\"elementor-widget-container\">\n\t\t\t\t\t\t\t\t<nav aria-label=\"Menu\" class=\"elementor-nav-menu--main elementor-nav-menu__container elementor-nav-menu--layout-vertical e--pointer-background e--animation-fade\">\n\t\t\t\t<ul id=\"menu-1-a5a2788\" class=\"elementor-nav-menu sm-vertical\"><li class=\"menu-item menu-item-type-post_type menu-item-object-page menu-item-21970\"><a href=\"https:\/\/solano-law.com\/es\/oportunidades-de-inversion-en-panama\/zonas-procesadoras-para-la-exportacion\/\" class=\"elementor-item\">Zonas Procesadoras Para la Exportaci\u00f3n<\/a><\/li>\n<li class=\"menu-item menu-item-type-post_type menu-item-object-page menu-item-21972\"><a href=\"https:\/\/solano-law.com\/es\/oportunidades-de-inversion-en-panama\/zona-libre-de-colon\/\" class=\"elementor-item\">Zona Libre de Col\u00f3n<\/a><\/li>\n<li class=\"menu-item menu-item-type-post_type menu-item-object-page menu-item-21973\"><a href=\"https:\/\/solano-law.com\/es\/oportunidades-de-inversion-en-panama\/inversion-en-proyectos-turisticos\/\" class=\"elementor-item\">Inversi\u00f3n en Proyectos Tur\u00edsticos<\/a><\/li>\n<li class=\"menu-item menu-item-type-post_type menu-item-object-page menu-item-21974\"><a href=\"https:\/\/solano-law.com\/es\/oportunidades-de-inversion-en-panama\/ciudad-del-saber-y-tecno-parque\/\" class=\"elementor-item\">Ciudad del Saber y Tecno-Parque<\/a><\/li>\n<li class=\"menu-item menu-item-type-post_type menu-item-object-page menu-item-21975\"><a href=\"https:\/\/solano-law.com\/es\/oportunidades-de-inversion-en-panama\/industria-del-cine\/\" class=\"elementor-item\">Industria del Cine<\/a><\/li>\n<li class=\"menu-item menu-item-type-post_type menu-item-object-page menu-item-21976\"><a href=\"https:\/\/solano-law.com\/es\/oportunidades-de-inversion-en-panama\/agencia-panama-pacifico\/\" class=\"elementor-item\">Agencia Panam\u00e1 Pac\u00edfico<\/a><\/li>\n<\/ul>\t\t\t<\/nav>\n\t\t\t\t\t\t<nav class=\"elementor-nav-menu--dropdown elementor-nav-menu__container\" aria-hidden=\"true\">\n\t\t\t\t<ul id=\"menu-2-a5a2788\" class=\"elementor-nav-menu sm-vertical\"><li class=\"menu-item menu-item-type-post_type menu-item-object-page menu-item-21970\"><a href=\"https:\/\/solano-law.com\/es\/oportunidades-de-inversion-en-panama\/zonas-procesadoras-para-la-exportacion\/\" class=\"elementor-item\" tabindex=\"-1\">Zonas Procesadoras Para la Exportaci\u00f3n<\/a><\/li>\n<li class=\"menu-item menu-item-type-post_type menu-item-object-page menu-item-21972\"><a href=\"https:\/\/solano-law.com\/es\/oportunidades-de-inversion-en-panama\/zona-libre-de-colon\/\" class=\"elementor-item\" tabindex=\"-1\">Zona Libre de Col\u00f3n<\/a><\/li>\n<li class=\"menu-item menu-item-type-post_type menu-item-object-page menu-item-21973\"><a href=\"https:\/\/solano-law.com\/es\/oportunidades-de-inversion-en-panama\/inversion-en-proyectos-turisticos\/\" class=\"elementor-item\" tabindex=\"-1\">Inversi\u00f3n en Proyectos Tur\u00edsticos<\/a><\/li>\n<li class=\"menu-item menu-item-type-post_type menu-item-object-page menu-item-21974\"><a href=\"https:\/\/solano-law.com\/es\/oportunidades-de-inversion-en-panama\/ciudad-del-saber-y-tecno-parque\/\" class=\"elementor-item\" tabindex=\"-1\">Ciudad del Saber y Tecno-Parque<\/a><\/li>\n<li class=\"menu-item menu-item-type-post_type menu-item-object-page menu-item-21975\"><a href=\"https:\/\/solano-law.com\/es\/oportunidades-de-inversion-en-panama\/industria-del-cine\/\" class=\"elementor-item\" tabindex=\"-1\">Industria del Cine<\/a><\/li>\n<li class=\"menu-item menu-item-type-post_type menu-item-object-page menu-item-21976\"><a href=\"https:\/\/solano-law.com\/es\/oportunidades-de-inversion-en-panama\/agencia-panama-pacifico\/\" class=\"elementor-item\" tabindex=\"-1\">Agencia Panam\u00e1 Pac\u00edfico<\/a><\/li>\n<\/ul>\t\t\t<\/nav>\n\t\t\t\t\t\t<\/div>\n\t\t\t\t<\/div>\n\t\t\t\t<\/div>\n\t\t<div class=\"elementor-element elementor-element-5433120 e-con-full e-flex e-con e-child\" data-id=\"5433120\" data-element_type=\"container\" data-e-type=\"container\">\n\t\t\t\t<div class=\"elementor-element elementor-element-bc6bd55 elementor-widget elementor-widget-heading\" data-id=\"bc6bd55\" data-element_type=\"widget\" data-e-type=\"widget\" data-widget_type=\"heading.default\">\n\t\t\t\t<div class=\"elementor-widget-container\">\n\t\t\t\t\t<h2 class=\"elementor-heading-title elementor-size-default\">Ciudad del Saber y Tecno-Parque<\/h2>\t\t\t\t<\/div>\n\t\t\t\t<\/div>\n\t\t\t\t<div class=\"elementor-element elementor-element-448b356 color-scheme-inherit text-left elementor-widget elementor-widget-text-editor\" data-id=\"448b356\" data-element_type=\"widget\" data-e-type=\"widget\" data-widget_type=\"text-editor.default\">\n\t\t\t\t<div class=\"elementor-widget-container\">\n\t\t\t\t\t\t\t\t\t<p>La\u00a0<span style=\"text-decoration: underline;\"><span style=\"color: #2668a4;\"><a style=\"color: #2668a4;\" title=\"Ciudad del Saber\" href=\"http:\/\/www.ciudaddelsaber.org\/\" target=\"_blank\" rel=\"noopener\"><b>Ciudad del Saber<\/b><\/a><\/span><\/span><b>\u00a0<\/b>\u00a0es un complejo internacional creado y regulado mediante el Decreto Ley No. 6 de 1998,\u00a0 en el cual se promueve la convergencia de instituciones acad\u00e9micas\u00a0 y de investigaci\u00f3n cient\u00edfica, as\u00ed como organismos culturales dedicados a programas de formaci\u00f3n de recursos humanos, investigaci\u00f3n y producci\u00f3n de tecnolog\u00eda e intercambio cultural, y la creaci\u00f3n de un parque tecnol\u00f3gico denominado\u00a0<strong>Tecno-Parque Internacional de Panam\u00e1<\/strong><b>.<\/b><\/p><p>La sede de este complejo internacional se encuentra establecida en las riberas del Canal de Panam\u00e1, en un \u00e1rea de aproximadamente 120 hect\u00e1reas ubicadas frente a las\u00a0 exclusas de Miraflores, donde antiguamente radic\u00f3 la base militar estadounidense de Clayton. En este sector se albergan en la actualidad profesores, estudiantes, cient\u00edficos, intelectuales y empresarios innovadores, a quienes se ha facilitado las condiciones log\u00edsticas y legales para propiciar con su concentraci\u00f3n, el intercambio de ideas y conocimientos en diversos temas como las telecomunicaciones y la medicina tropical, entres otros.<\/p><p>Desde su creaci\u00f3n, la misi\u00f3n del proyecto Ciudad del Saber ha sido la creaci\u00f3n de programas de formaci\u00f3n de recursos humanos, programas de investigaci\u00f3n, un foro denominado Foro Ciudad del Saber, as\u00ed como un parque tecnol\u00f3gico de innovaci\u00f3n, hoy denominado\u00a0<b>Tecno-Parque Internacional de Panam\u00e1<\/b><b>.<\/b><\/p><p>En la ejecuci\u00f3n de estos proyectos, se han desarrollado programas de formaci\u00f3n acad\u00e9mica superior a nivel de especializaciones, maestr\u00edas, doctorados y post doctorados de formaci\u00f3n continua. Al aspecto de formaci\u00f3n se a\u00f1ade la generaci\u00f3n constante de actividad investigativa, as\u00ed como el desarrollo de programas de formaci\u00f3n aplicables a la industria y a la producci\u00f3n de bienes y servicios; al tiempo que se propicia un espacio para el intercambio de ideas, valores y temas de debate por conducto del Foro Ciudad del Saber.<\/p><p>Uno de los aspectos m\u00e1s sobresalientes del programa Ciudad del Saber, es el\u00a0<b>Tecno-Parque Internacional de Panam\u00e1<\/b><b>.<\/b>\u00a0En la actualidad, el mismo atrae empresas extranjeras de avanzado nivel tecnol\u00f3gico, favorece la innovaci\u00f3n, la transferencia de tecnolog\u00eda y promueve la creaci\u00f3n de empresas innovadoras. El Tecno-Parque Internacional de Panam\u00e1 no est\u00e1 especializado en un sector tecnol\u00f3gico o industrial espec\u00edfico. Sin embargo, las actividades que en la actualidad han encontrado especial acogida son las relacionadas con la medicina tropical, los recursos marinos y otras actividades relacionadas con servicios mar\u00edtimos, las actividades relacionadas con la biodiversidad, la acuicultura, la restauraci\u00f3n del patrimonio hist\u00f3rico, el procesamiento de datos, softwares bancarios y teledetecci\u00f3n, entre otros.<\/p><p>Para promover la concentraci\u00f3n de este tipo de empresas y actividades en la Ciudad del Saber y el Tecno-Parque Internacional de Panam\u00e1, la legislaci\u00f3n paname\u00f1a ofrece en materia de\u00a0<b>incentivos fiscales<\/b>, la exoneraci\u00f3n de impuestos en materia de importaci\u00f3n y transferencia de bienes muebles, de aquellos equipos, veh\u00edculos, maquinarias, artefactos e insumos que sean necesarios para el desarrollo del proyecto, y otorga adem\u00e1s, la exoneraci\u00f3n de cualquier impuesto sobre los env\u00edos de dinero al extranjero, llevados a cabo para los fines del proyecto.<\/p><p><b>Incentivos fiscales adicionales<\/b><b>\u00a0<\/b>se otorgan a las empresas ubicadas en el Tecno-Parque Internacional de Panam\u00e1 que produzcan, ensamblen o procesen bienes de alta tecnolog\u00eda, o que presten servicios de igual naturaleza. As\u00ed, se exonera de todo tipo de impuesto sus actividades, operaciones, transacciones, tr\u00e1mites, transferencia de bienes muebles e inmuebles, compra e importaci\u00f3n de equipos, materias primas, herramientas, accesorios e insumos.<\/p><p><b>En materia migratoria<\/b><b>,<\/b>\u00a0al personal extranjero que ingrese al pa\u00eds como parte de alg\u00fan proyecto de esta naturaleza, especialmente a los investigadores, educadores y t\u00e9cnicos, el Estado les otorgar\u00e1 visas especiales tanto al solicitante, como a su c\u00f3nyuge, hijos dependientes, y estudiantes. Finalmente,las compa\u00f1\u00edas afiliadas a la Ciudad del Saber se encuentran facultadas para contratar el personal internacional que sea necesario para llevar a cabo sus labores.<\/p>\t\t\t\t\t\t\t\t<\/div>\n\t\t\t\t<\/div>\n\t\t\t\t<\/div>\n\t\t\t\t\t<\/div>\n\t\t\t\t<\/div>\n\t\t\t\t\t<\/div>\n\t\t\t\t<\/div>\n\t\t\t\t<\/div>\n\t\t","protected":false},"excerpt":{"rendered":"<p>Oportunidades de Inversi\u00f3n en Panam\u00e1 Oportunidades de Inversi\u00f3n La\u00a0Ciudad del Saber\u00a0\u00a0es un complejo internacional creado y regulado mediante el Decreto<\/p>\n","protected":false},"author":1,"featured_media":0,"parent":21897,"menu_order":0,"comment_status":"closed","ping_status":"closed","template":"elementor_header_footer","meta":{"footnotes":""},"class_list":["post-21865","page","type-page","status-publish","hentry"],"_links":{"self":[{"href":"https:\/\/solano-law.com\/es\/wp-json\/wp\/v2\/pages\/21865","targetHints":{"allow":["GET"]}}],"collection":[{"href":"https:\/\/solano-law.com\/es\/wp-json\/wp\/v2\/pages"}],"about":[{"href":"https:\/\/solano-law.com\/es\/wp-json\/wp\/v2\/types\/page"}],"author":[{"embeddable":true,"href":"https:\/\/solano-law.com\/es\/wp-json\/wp\/v2\/users\/1"}],"replies":[{"embeddable":true,"href":"https:\/\/solano-law.com\/es\/wp-json\/wp\/v2\/comments?post=21865"}],"version-history":[{"count":9,"href":"https:\/\/solano-law.com\/es\/wp-json\/wp\/v2\/pages\/21865\/revisions"}],"predecessor-version":[{"id":22078,"href":"https:\/\/solano-law.com\/es\/wp-json\/wp\/v2\/pages\/21865\/revisions\/22078"}],"up":[{"embeddable":true,"href":"https:\/\/solano-law.com\/es\/wp-json\/wp\/v2\/pages\/21897"}],"wp:attachment":[{"href":"https:\/\/solano-law.com\/es\/wp-json\/wp\/v2\/media?parent=21865"}],"curies":[{"name":"wp","href":"https:\/\/api.w.org\/{rel}","templated":true}]}}