{"id":21866,"date":"2025-05-06T23:32:51","date_gmt":"2025-05-07T04:32:51","guid":{"rendered":"https:\/\/solano-law.com\/proyectos-turisticos-inversiones\/"},"modified":"2025-05-29T21:24:49","modified_gmt":"2025-05-30T02:24:49","slug":"inversion-en-proyectos-turisticos","status":"publish","type":"page","link":"https:\/\/solano-law.com\/es\/oportunidades-de-inversion-en-panama\/inversion-en-proyectos-turisticos\/","title":{"rendered":"Inversi\u00f3n en Proyectos Tur\u00edsticos"},"content":{"rendered":"\t\t<div data-elementor-type=\"wp-page\" data-elementor-id=\"21866\" class=\"elementor elementor-21866 elementor-21359\" data-elementor-post-type=\"page\">\n\t\t\t\t<div class=\"elementor-element elementor-element-9e7d3fa e-con-full wd-section-stretch e-flex e-con e-parent\" data-id=\"9e7d3fa\" data-element_type=\"container\" data-e-type=\"container\" data-settings=\"{&quot;background_background&quot;:&quot;classic&quot;}\">\n\t\t\t\t<div class=\"elementor-element elementor-element-eb18829 elementor-widget-mobile__width-initial elementor-widget elementor-widget-heading\" data-id=\"eb18829\" data-element_type=\"widget\" data-e-type=\"widget\" data-widget_type=\"heading.default\">\n\t\t\t\t<div class=\"elementor-widget-container\">\n\t\t\t\t\t<h2 class=\"elementor-heading-title elementor-size-default\">Oportunidades de Inversi\u00f3n en Panam\u00e1<\/h2>\t\t\t\t<\/div>\n\t\t\t\t<\/div>\n\t\t\t\t<\/div>\n\t\t<div class=\"elementor-element elementor-element-95734b8 wd-section-stretch e-flex e-con-boxed e-con e-parent\" data-id=\"95734b8\" data-element_type=\"container\" data-e-type=\"container\" data-settings=\"{&quot;background_background&quot;:&quot;classic&quot;}\">\n\t\t\t\t\t<div class=\"e-con-inner\">\n\t\t<div class=\"elementor-element elementor-element-396afa2 e-flex e-con-boxed e-con e-child\" data-id=\"396afa2\" data-element_type=\"container\" data-e-type=\"container\">\n\t\t\t\t\t<div class=\"e-con-inner\">\n\t\t<div class=\"elementor-element elementor-element-d09116f e-con-full e-flex e-con e-child\" data-id=\"d09116f\" data-element_type=\"container\" data-e-type=\"container\">\n\t\t\t\t<div class=\"elementor-element elementor-element-6d93330 elementor-widget elementor-widget-heading\" data-id=\"6d93330\" data-element_type=\"widget\" data-e-type=\"widget\" data-widget_type=\"heading.default\">\n\t\t\t\t<div class=\"elementor-widget-container\">\n\t\t\t\t\t<h2 class=\"elementor-heading-title elementor-size-default\">Oportunidades de Inversi\u00f3n<\/h2>\t\t\t\t<\/div>\n\t\t\t\t<\/div>\n\t\t\t\t<div class=\"elementor-element elementor-element-fd0c248 elementor-nav-menu__align-start elementor-nav-menu--dropdown-none elementor-widget elementor-widget-nav-menu\" data-id=\"fd0c248\" data-element_type=\"widget\" data-e-type=\"widget\" data-settings=\"{&quot;layout&quot;:&quot;vertical&quot;,&quot;submenu_icon&quot;:{&quot;value&quot;:&quot;&lt;svg aria-hidden=\\&quot;true\\&quot; class=\\&quot;e-font-icon-svg e-fas-caret-down\\&quot; viewBox=\\&quot;0 0 320 512\\&quot; xmlns=\\&quot;http:\\\/\\\/www.w3.org\\\/2000\\\/svg\\&quot;&gt;&lt;path d=\\&quot;M31.3 192h257.3c17.8 0 26.7 21.5 14.1 34.1L174.1 354.8c-7.8 7.8-20.5 7.8-28.3 0L17.2 226.1C4.6 213.5 13.5 192 31.3 192z\\&quot;&gt;&lt;\\\/path&gt;&lt;\\\/svg&gt;&quot;,&quot;library&quot;:&quot;fa-solid&quot;}}\" data-widget_type=\"nav-menu.default\">\n\t\t\t\t<div class=\"elementor-widget-container\">\n\t\t\t\t\t\t\t\t<nav aria-label=\"Menu\" class=\"elementor-nav-menu--main elementor-nav-menu__container elementor-nav-menu--layout-vertical e--pointer-background e--animation-fade\">\n\t\t\t\t<ul id=\"menu-1-fd0c248\" class=\"elementor-nav-menu sm-vertical\"><li class=\"menu-item menu-item-type-post_type menu-item-object-page menu-item-21970\"><a href=\"https:\/\/solano-law.com\/es\/oportunidades-de-inversion-en-panama\/zonas-procesadoras-para-la-exportacion\/\" class=\"elementor-item\">Zonas Procesadoras Para la Exportaci\u00f3n<\/a><\/li>\n<li class=\"menu-item menu-item-type-post_type menu-item-object-page menu-item-21972\"><a href=\"https:\/\/solano-law.com\/es\/oportunidades-de-inversion-en-panama\/zona-libre-de-colon\/\" class=\"elementor-item\">Zona Libre de Col\u00f3n<\/a><\/li>\n<li class=\"menu-item menu-item-type-post_type menu-item-object-page menu-item-21973\"><a href=\"https:\/\/solano-law.com\/es\/oportunidades-de-inversion-en-panama\/inversion-en-proyectos-turisticos\/\" class=\"elementor-item\">Inversi\u00f3n en Proyectos Tur\u00edsticos<\/a><\/li>\n<li class=\"menu-item menu-item-type-post_type menu-item-object-page menu-item-21974\"><a href=\"https:\/\/solano-law.com\/es\/oportunidades-de-inversion-en-panama\/ciudad-del-saber-y-tecno-parque\/\" class=\"elementor-item\">Ciudad del Saber y Tecno-Parque<\/a><\/li>\n<li class=\"menu-item menu-item-type-post_type menu-item-object-page menu-item-21975\"><a href=\"https:\/\/solano-law.com\/es\/oportunidades-de-inversion-en-panama\/industria-del-cine\/\" class=\"elementor-item\">Industria del Cine<\/a><\/li>\n<li class=\"menu-item menu-item-type-post_type menu-item-object-page menu-item-21976\"><a href=\"https:\/\/solano-law.com\/es\/oportunidades-de-inversion-en-panama\/agencia-panama-pacifico\/\" class=\"elementor-item\">Agencia Panam\u00e1 Pac\u00edfico<\/a><\/li>\n<\/ul>\t\t\t<\/nav>\n\t\t\t\t\t\t<nav class=\"elementor-nav-menu--dropdown elementor-nav-menu__container\" aria-hidden=\"true\">\n\t\t\t\t<ul id=\"menu-2-fd0c248\" class=\"elementor-nav-menu sm-vertical\"><li class=\"menu-item menu-item-type-post_type menu-item-object-page menu-item-21970\"><a href=\"https:\/\/solano-law.com\/es\/oportunidades-de-inversion-en-panama\/zonas-procesadoras-para-la-exportacion\/\" class=\"elementor-item\" tabindex=\"-1\">Zonas Procesadoras Para la Exportaci\u00f3n<\/a><\/li>\n<li class=\"menu-item menu-item-type-post_type menu-item-object-page menu-item-21972\"><a href=\"https:\/\/solano-law.com\/es\/oportunidades-de-inversion-en-panama\/zona-libre-de-colon\/\" class=\"elementor-item\" tabindex=\"-1\">Zona Libre de Col\u00f3n<\/a><\/li>\n<li class=\"menu-item menu-item-type-post_type menu-item-object-page menu-item-21973\"><a href=\"https:\/\/solano-law.com\/es\/oportunidades-de-inversion-en-panama\/inversion-en-proyectos-turisticos\/\" class=\"elementor-item\" tabindex=\"-1\">Inversi\u00f3n en Proyectos Tur\u00edsticos<\/a><\/li>\n<li class=\"menu-item menu-item-type-post_type menu-item-object-page menu-item-21974\"><a href=\"https:\/\/solano-law.com\/es\/oportunidades-de-inversion-en-panama\/ciudad-del-saber-y-tecno-parque\/\" class=\"elementor-item\" tabindex=\"-1\">Ciudad del Saber y Tecno-Parque<\/a><\/li>\n<li class=\"menu-item menu-item-type-post_type menu-item-object-page menu-item-21975\"><a href=\"https:\/\/solano-law.com\/es\/oportunidades-de-inversion-en-panama\/industria-del-cine\/\" class=\"elementor-item\" tabindex=\"-1\">Industria del Cine<\/a><\/li>\n<li class=\"menu-item menu-item-type-post_type menu-item-object-page menu-item-21976\"><a href=\"https:\/\/solano-law.com\/es\/oportunidades-de-inversion-en-panama\/agencia-panama-pacifico\/\" class=\"elementor-item\" tabindex=\"-1\">Agencia Panam\u00e1 Pac\u00edfico<\/a><\/li>\n<\/ul>\t\t\t<\/nav>\n\t\t\t\t\t\t<\/div>\n\t\t\t\t<\/div>\n\t\t\t\t<\/div>\n\t\t<div class=\"elementor-element elementor-element-89aae71 e-con-full e-flex e-con e-child\" data-id=\"89aae71\" data-element_type=\"container\" data-e-type=\"container\">\n\t\t\t\t<div class=\"elementor-element elementor-element-777790b elementor-widget elementor-widget-heading\" data-id=\"777790b\" data-element_type=\"widget\" data-e-type=\"widget\" data-widget_type=\"heading.default\">\n\t\t\t\t<div class=\"elementor-widget-container\">\n\t\t\t\t\t<h2 class=\"elementor-heading-title elementor-size-default\">Inversi\u00f3n en Proyectos Tur\u00edsticos<\/h2>\t\t\t\t<\/div>\n\t\t\t\t<\/div>\n\t\t\t\t<div class=\"elementor-element elementor-element-db5c123 color-scheme-inherit text-left elementor-widget elementor-widget-text-editor\" data-id=\"db5c123\" data-element_type=\"widget\" data-e-type=\"widget\" data-widget_type=\"text-editor.default\">\n\t\t\t\t<div class=\"elementor-widget-container\">\n\t\t\t\t\t\t\t\t\t<p>El turismo es otra de las actividades en cuya inversi\u00f3n se ofrecen beneficios fiscales, con la finalidad de incentivar aquellas iniciativas que promuevan el desarrollo de este sector de singular importancia en la econom\u00eda de Panam\u00e1. Es por ello que a las personas o empresas que ejecuten proyectos o programas tur\u00edsticos en Panam\u00e1 y est\u00e9n inscritos en el Registro Nacional de Turismo, se conceden las siguientes exoneraciones fiscales:<\/p><p>1. Exoneraci\u00f3n total por el t\u00e9rmino de 10 a\u00f1os del pago del impuesto de inmueble sobre los terrenos y mejoras que sean de su propiedad y que utilicen en actividades de desarrollo tur\u00edstico.<\/p><p>2. Exoneraci\u00f3n total por el t\u00e9rmino de 5 a\u00f1os del pago del impuesto sobre la renta derivado de la actividad de la empresa.<\/p><p>3. Exoneraci\u00f3n total por el t\u00e9rmino de 15 a\u00f1os del impuesto de importaci\u00f3n, contribuci\u00f3n o gravamen, as\u00ed como del impuesto de transferencia de bienes muebles y servicios (ITBMS) que recaigan sobre la importaci\u00f3n de materiales, equipos, mobiliarios, accesorios, y repuestos que se utilicen en la construcci\u00f3n, rehabilitaci\u00f3n y equipamiento del establecimiento, siempre y cuando, las mercanc\u00edas no se produzcan en Panam\u00e1 o no se produzcan en calidad y cantidad suficiente. Se entiende como equipo para los fines de la ley paname\u00f1a de turismo, veh\u00edculos con capacidad m\u00ednima de 8 pasajeros, aviones, helic\u00f3pteros, lanchas, barcos o \u00fatiles deportivos, dedicados exclusivamente a actividades tur\u00edsticas.<\/p><p>4. Exoneraci\u00f3n por 15 a\u00f1os de los impuestos, contribuciones, grav\u00e1menes o derechos de cualquier clase o denominaci\u00f3n que recaigan sobre el uso de los muelles o aeropuertos construidos por la empresa.<\/p><p>5. Exoneraci\u00f3n a la empresa de todo impuesto o gravamen sobre su capital, por un t\u00e9rmino de 5 a\u00f1os.<\/p><p>6. Los pr\u00e9stamos otorgados a las inversiones tur\u00edsticas no ser\u00e1n objeto de la retenci\u00f3n establecida por la Ley 4 de 1994, es decir el Fondo Especial de Compensaci\u00f3n de Intereses (FECI).<\/p>\t\t\t\t\t\t\t\t<\/div>\n\t\t\t\t<\/div>\n\t\t\t\t<\/div>\n\t\t\t\t\t<\/div>\n\t\t\t\t<\/div>\n\t\t\t\t\t<\/div>\n\t\t\t\t<\/div>\n\t\t\t\t<\/div>\n\t\t","protected":false},"excerpt":{"rendered":"<p>Oportunidades de Inversi\u00f3n en Panam\u00e1 Oportunidades de Inversi\u00f3n El turismo es otra de las actividades en cuya inversi\u00f3n se ofrecen<\/p>\n","protected":false},"author":1,"featured_media":0,"parent":21897,"menu_order":0,"comment_status":"closed","ping_status":"closed","template":"elementor_header_footer","meta":{"footnotes":""},"class_list":["post-21866","page","type-page","status-publish","hentry"],"_links":{"self":[{"href":"https:\/\/solano-law.com\/es\/wp-json\/wp\/v2\/pages\/21866","targetHints":{"allow":["GET"]}}],"collection":[{"href":"https:\/\/solano-law.com\/es\/wp-json\/wp\/v2\/pages"}],"about":[{"href":"https:\/\/solano-law.com\/es\/wp-json\/wp\/v2\/types\/page"}],"author":[{"embeddable":true,"href":"https:\/\/solano-law.com\/es\/wp-json\/wp\/v2\/users\/1"}],"replies":[{"embeddable":true,"href":"https:\/\/solano-law.com\/es\/wp-json\/wp\/v2\/comments?post=21866"}],"version-history":[{"count":9,"href":"https:\/\/solano-law.com\/es\/wp-json\/wp\/v2\/pages\/21866\/revisions"}],"predecessor-version":[{"id":22084,"href":"https:\/\/solano-law.com\/es\/wp-json\/wp\/v2\/pages\/21866\/revisions\/22084"}],"up":[{"embeddable":true,"href":"https:\/\/solano-law.com\/es\/wp-json\/wp\/v2\/pages\/21897"}],"wp:attachment":[{"href":"https:\/\/solano-law.com\/es\/wp-json\/wp\/v2\/media?parent=21866"}],"curies":[{"name":"wp","href":"https:\/\/api.w.org\/{rel}","templated":true}]}}