{"id":21867,"date":"2025-05-06T23:29:48","date_gmt":"2025-05-07T04:29:48","guid":{"rendered":"https:\/\/solano-law.com\/zonas-francas-industriales\/"},"modified":"2025-05-29T21:25:10","modified_gmt":"2025-05-30T02:25:10","slug":"zonas-procesadoras-para-la-exportacion","status":"publish","type":"page","link":"https:\/\/solano-law.com\/es\/oportunidades-de-inversion-en-panama\/zonas-procesadoras-para-la-exportacion\/","title":{"rendered":"Zonas Procesadoras Para la Exportaci\u00f3n"},"content":{"rendered":"\t\t<div data-elementor-type=\"wp-page\" data-elementor-id=\"21867\" class=\"elementor elementor-21867 elementor-21331\" data-elementor-post-type=\"page\">\n\t\t\t\t<div class=\"elementor-element elementor-element-0833de8 e-con-full wd-section-stretch e-flex e-con e-parent\" data-id=\"0833de8\" data-element_type=\"container\" data-e-type=\"container\" data-settings=\"{&quot;background_background&quot;:&quot;classic&quot;}\">\n\t\t\t\t<div class=\"elementor-element elementor-element-9012642 elementor-widget-mobile__width-initial elementor-widget elementor-widget-heading\" data-id=\"9012642\" data-element_type=\"widget\" data-e-type=\"widget\" data-widget_type=\"heading.default\">\n\t\t\t\t<div class=\"elementor-widget-container\">\n\t\t\t\t\t<h2 class=\"elementor-heading-title elementor-size-default\">Oportunidades de Inversi\u00f3n en Panam\u00e1<\/h2>\t\t\t\t<\/div>\n\t\t\t\t<\/div>\n\t\t\t\t<\/div>\n\t\t<div class=\"elementor-element elementor-element-ef0c6ad wd-section-stretch e-flex e-con-boxed e-con e-parent\" data-id=\"ef0c6ad\" data-element_type=\"container\" data-e-type=\"container\" data-settings=\"{&quot;background_background&quot;:&quot;classic&quot;}\">\n\t\t\t\t\t<div class=\"e-con-inner\">\n\t\t<div class=\"elementor-element elementor-element-fbc1360 e-flex e-con-boxed e-con e-child\" data-id=\"fbc1360\" data-element_type=\"container\" data-e-type=\"container\">\n\t\t\t\t\t<div class=\"e-con-inner\">\n\t\t<div class=\"elementor-element elementor-element-0120fe2 e-con-full e-flex e-con e-child\" data-id=\"0120fe2\" data-element_type=\"container\" data-e-type=\"container\">\n\t\t\t\t<div class=\"elementor-element elementor-element-8440e6f elementor-widget elementor-widget-heading\" data-id=\"8440e6f\" data-element_type=\"widget\" data-e-type=\"widget\" data-widget_type=\"heading.default\">\n\t\t\t\t<div class=\"elementor-widget-container\">\n\t\t\t\t\t<h2 class=\"elementor-heading-title elementor-size-default\">Oportunidades de Inversi\u00f3n<\/h2>\t\t\t\t<\/div>\n\t\t\t\t<\/div>\n\t\t\t\t<div class=\"elementor-element elementor-element-35d9eb5 elementor-nav-menu__align-start elementor-nav-menu--dropdown-none elementor-widget elementor-widget-nav-menu\" data-id=\"35d9eb5\" data-element_type=\"widget\" data-e-type=\"widget\" data-settings=\"{&quot;layout&quot;:&quot;vertical&quot;,&quot;submenu_icon&quot;:{&quot;value&quot;:&quot;&lt;svg aria-hidden=\\&quot;true\\&quot; class=\\&quot;e-font-icon-svg e-fas-caret-down\\&quot; viewBox=\\&quot;0 0 320 512\\&quot; xmlns=\\&quot;http:\\\/\\\/www.w3.org\\\/2000\\\/svg\\&quot;&gt;&lt;path d=\\&quot;M31.3 192h257.3c17.8 0 26.7 21.5 14.1 34.1L174.1 354.8c-7.8 7.8-20.5 7.8-28.3 0L17.2 226.1C4.6 213.5 13.5 192 31.3 192z\\&quot;&gt;&lt;\\\/path&gt;&lt;\\\/svg&gt;&quot;,&quot;library&quot;:&quot;fa-solid&quot;}}\" data-widget_type=\"nav-menu.default\">\n\t\t\t\t<div class=\"elementor-widget-container\">\n\t\t\t\t\t\t\t\t<nav aria-label=\"Menu\" class=\"elementor-nav-menu--main elementor-nav-menu__container elementor-nav-menu--layout-vertical e--pointer-background e--animation-fade\">\n\t\t\t\t<ul id=\"menu-1-35d9eb5\" class=\"elementor-nav-menu sm-vertical\"><li class=\"menu-item menu-item-type-post_type menu-item-object-page menu-item-21970\"><a href=\"https:\/\/solano-law.com\/es\/oportunidades-de-inversion-en-panama\/zonas-procesadoras-para-la-exportacion\/\" class=\"elementor-item\">Zonas Procesadoras Para la Exportaci\u00f3n<\/a><\/li>\n<li class=\"menu-item menu-item-type-post_type menu-item-object-page menu-item-21972\"><a href=\"https:\/\/solano-law.com\/es\/oportunidades-de-inversion-en-panama\/zona-libre-de-colon\/\" class=\"elementor-item\">Zona Libre de Col\u00f3n<\/a><\/li>\n<li class=\"menu-item menu-item-type-post_type menu-item-object-page menu-item-21973\"><a href=\"https:\/\/solano-law.com\/es\/oportunidades-de-inversion-en-panama\/inversion-en-proyectos-turisticos\/\" class=\"elementor-item\">Inversi\u00f3n en Proyectos Tur\u00edsticos<\/a><\/li>\n<li class=\"menu-item menu-item-type-post_type menu-item-object-page menu-item-21974\"><a href=\"https:\/\/solano-law.com\/es\/oportunidades-de-inversion-en-panama\/ciudad-del-saber-y-tecno-parque\/\" class=\"elementor-item\">Ciudad del Saber y Tecno-Parque<\/a><\/li>\n<li class=\"menu-item menu-item-type-post_type menu-item-object-page menu-item-21975\"><a href=\"https:\/\/solano-law.com\/es\/oportunidades-de-inversion-en-panama\/industria-del-cine\/\" class=\"elementor-item\">Industria del Cine<\/a><\/li>\n<li class=\"menu-item menu-item-type-post_type menu-item-object-page menu-item-21976\"><a href=\"https:\/\/solano-law.com\/es\/oportunidades-de-inversion-en-panama\/agencia-panama-pacifico\/\" class=\"elementor-item\">Agencia Panam\u00e1 Pac\u00edfico<\/a><\/li>\n<\/ul>\t\t\t<\/nav>\n\t\t\t\t\t\t<nav class=\"elementor-nav-menu--dropdown elementor-nav-menu__container\" aria-hidden=\"true\">\n\t\t\t\t<ul id=\"menu-2-35d9eb5\" class=\"elementor-nav-menu sm-vertical\"><li class=\"menu-item menu-item-type-post_type menu-item-object-page menu-item-21970\"><a href=\"https:\/\/solano-law.com\/es\/oportunidades-de-inversion-en-panama\/zonas-procesadoras-para-la-exportacion\/\" class=\"elementor-item\" tabindex=\"-1\">Zonas Procesadoras Para la Exportaci\u00f3n<\/a><\/li>\n<li class=\"menu-item menu-item-type-post_type menu-item-object-page menu-item-21972\"><a href=\"https:\/\/solano-law.com\/es\/oportunidades-de-inversion-en-panama\/zona-libre-de-colon\/\" class=\"elementor-item\" tabindex=\"-1\">Zona Libre de Col\u00f3n<\/a><\/li>\n<li class=\"menu-item menu-item-type-post_type menu-item-object-page menu-item-21973\"><a href=\"https:\/\/solano-law.com\/es\/oportunidades-de-inversion-en-panama\/inversion-en-proyectos-turisticos\/\" class=\"elementor-item\" tabindex=\"-1\">Inversi\u00f3n en Proyectos Tur\u00edsticos<\/a><\/li>\n<li class=\"menu-item menu-item-type-post_type menu-item-object-page menu-item-21974\"><a href=\"https:\/\/solano-law.com\/es\/oportunidades-de-inversion-en-panama\/ciudad-del-saber-y-tecno-parque\/\" class=\"elementor-item\" tabindex=\"-1\">Ciudad del Saber y Tecno-Parque<\/a><\/li>\n<li class=\"menu-item menu-item-type-post_type menu-item-object-page menu-item-21975\"><a href=\"https:\/\/solano-law.com\/es\/oportunidades-de-inversion-en-panama\/industria-del-cine\/\" class=\"elementor-item\" tabindex=\"-1\">Industria del Cine<\/a><\/li>\n<li class=\"menu-item menu-item-type-post_type menu-item-object-page menu-item-21976\"><a href=\"https:\/\/solano-law.com\/es\/oportunidades-de-inversion-en-panama\/agencia-panama-pacifico\/\" class=\"elementor-item\" tabindex=\"-1\">Agencia Panam\u00e1 Pac\u00edfico<\/a><\/li>\n<\/ul>\t\t\t<\/nav>\n\t\t\t\t\t\t<\/div>\n\t\t\t\t<\/div>\n\t\t\t\t<\/div>\n\t\t<div class=\"elementor-element elementor-element-9c2deb4 e-con-full e-flex e-con e-child\" data-id=\"9c2deb4\" data-element_type=\"container\" data-e-type=\"container\">\n\t\t\t\t<div class=\"elementor-element elementor-element-8e810e8 elementor-widget elementor-widget-heading\" data-id=\"8e810e8\" data-element_type=\"widget\" data-e-type=\"widget\" data-widget_type=\"heading.default\">\n\t\t\t\t<div class=\"elementor-widget-container\">\n\t\t\t\t\t<h2 class=\"elementor-heading-title elementor-size-default\">Zonas Procesadoras Para la Exportaci\u00f3n<\/h2>\t\t\t\t<\/div>\n\t\t\t\t<\/div>\n\t\t\t\t<div class=\"elementor-element elementor-element-7a47c9c color-scheme-inherit text-left elementor-widget elementor-widget-text-editor\" data-id=\"7a47c9c\" data-element_type=\"widget\" data-e-type=\"widget\" data-widget_type=\"text-editor.default\">\n\t\t\t\t<div class=\"elementor-widget-container\">\n\t\t\t\t\t\t\t\t\t<p>Para efectos legales, en Panam\u00e1 una zona procesadora para la exportaci\u00f3n es una zona franca y de libre empresa ubicada en un \u00e1rea espec\u00edficamente delimitada, en cuyas instalaciones f\u00edsicas se desarrolla la organizaci\u00f3n operativa y administrativa, as\u00ed como los sistemas de servicio y soporte necesarios para el establecimiento de empresas de todas partes del mundo que se dediquen a la producci\u00f3n de bienes y servicios \u00fanicamente para la exportaci\u00f3n.<\/p><p>Las zonas procesadoras para la exportaci\u00f3n en Panam\u00e1 son reguladas por la Ley 25 del a\u00f1o 1992, la cual tiene como objetivo, la atracci\u00f3n de empresas manufactureras livianas dedicadas a la transformaci\u00f3n y ensamblaje de productos. Para captar la atracci\u00f3n de este tipo de empresas, la legislaci\u00f3n nacional ofrece incentivos de tipo fiscal, migratorio y laboral.<\/p><p>En materia fiscal, la Ley que regula las zonas procesadoras para la exportaci\u00f3n establece que aquellas empresas que se instalen en Panam\u00e1 en una de estas zonas procesadoras estar\u00e1n exentas en su totalidad del impuesto sobre la renta, el impuesto de importaci\u00f3n sobre los bienes requeridos para su operaci\u00f3n, el impuesto de exportaci\u00f3n sobre los bienes producidos, el impuesto de bienes inmuebles, el impuesto de patentes y licencias, el impuesto sobre el capital y los dividendos que genere la empresa.<\/p><p>En materia migratoria, los extranjeros que comprueben haber invertido una suma no inferior a los US$250,000.00 en una zona procesadora para la exportaci\u00f3n, tendr\u00e1n derecho a una visa de residente permanente en calidad de inversionista. Los extranjeros contratados como personal de confianza, ejecutivos expertos o t\u00e9cnicos por empresas promotoras o empresas establecidas en zonas procesadoras para la exportaci\u00f3n, tendr\u00e1n derecho a una visa de residente temporal por el t\u00e9rmino de duraci\u00f3n del contrato.<\/p><p>Y los extranjeros que viajen a Panam\u00e1 a efectuar transacciones en zonas procesadoras para la exportaci\u00f3n, establecidas o por establecerse en Panam\u00e1, tendr\u00e1n derecho a visa de comerciante residente v\u00e1lida por un a\u00f1o. Estas visas ser\u00e1n otorgadas adem\u00e1s al c\u00f3nyuge del solicitante, a sus hijos menores de edad, y a los mayores dependientes.<\/p><p>En materia laboral, la ley de incentivos a las zonas procesadoras para la exportaci\u00f3n, establece para las empresas promotoras o establecidas en una zona procesadora, una causal de despido justificado de sus trabajadores especial, consistente en la p\u00e9rdida de mercado o p\u00e9rdida de clientes. \u00a0Establece adem\u00e1s que para efectos legales, no se considerar\u00e1n como parte del salario, las primas de producci\u00f3n, bonificaciones y gratificaciones que se otorguen a los trabajadores. Finalmente, la ley de incentivos faculta a estas empresas para rotar a sus empleados en las diversas l\u00edneas de producci\u00f3n de la empresa y para dividir en dos fracciones iguales su per\u00edodo anual de vacaciones.<\/p>\t\t\t\t\t\t\t\t<\/div>\n\t\t\t\t<\/div>\n\t\t\t\t<\/div>\n\t\t\t\t\t<\/div>\n\t\t\t\t<\/div>\n\t\t\t\t\t<\/div>\n\t\t\t\t<\/div>\n\t\t\t\t<\/div>\n\t\t","protected":false},"excerpt":{"rendered":"<p>Oportunidades de Inversi\u00f3n en Panam\u00e1 Oportunidades de Inversi\u00f3n Para efectos legales, en Panam\u00e1 una zona procesadora para la exportaci\u00f3n es<\/p>\n","protected":false},"author":1,"featured_media":0,"parent":21897,"menu_order":0,"comment_status":"closed","ping_status":"closed","template":"elementor_header_footer","meta":{"footnotes":""},"class_list":["post-21867","page","type-page","status-publish","hentry"],"_links":{"self":[{"href":"https:\/\/solano-law.com\/es\/wp-json\/wp\/v2\/pages\/21867","targetHints":{"allow":["GET"]}}],"collection":[{"href":"https:\/\/solano-law.com\/es\/wp-json\/wp\/v2\/pages"}],"about":[{"href":"https:\/\/solano-law.com\/es\/wp-json\/wp\/v2\/types\/page"}],"author":[{"embeddable":true,"href":"https:\/\/solano-law.com\/es\/wp-json\/wp\/v2\/users\/1"}],"replies":[{"embeddable":true,"href":"https:\/\/solano-law.com\/es\/wp-json\/wp\/v2\/comments?post=21867"}],"version-history":[{"count":9,"href":"https:\/\/solano-law.com\/es\/wp-json\/wp\/v2\/pages\/21867\/revisions"}],"predecessor-version":[{"id":22090,"href":"https:\/\/solano-law.com\/es\/wp-json\/wp\/v2\/pages\/21867\/revisions\/22090"}],"up":[{"embeddable":true,"href":"https:\/\/solano-law.com\/es\/wp-json\/wp\/v2\/pages\/21897"}],"wp:attachment":[{"href":"https:\/\/solano-law.com\/es\/wp-json\/wp\/v2\/media?parent=21867"}],"curies":[{"name":"wp","href":"https:\/\/api.w.org\/{rel}","templated":true}]}}