{"id":21877,"date":"2025-05-06T22:42:08","date_gmt":"2025-05-07T03:42:08","guid":{"rendered":"https:\/\/solano-law.com\/propiedad-industrial-y-derechos-de-autor\/"},"modified":"2025-05-29T20:55:38","modified_gmt":"2025-05-30T01:55:38","slug":"propiedad-industrial-y-derechos-de-autor","status":"publish","type":"page","link":"https:\/\/solano-law.com\/es\/areas-de-practica\/propiedad-industrial-y-derechos-de-autor\/","title":{"rendered":"Propiedad Industrial y Derechos de Autor"},"content":{"rendered":"\t\t<div data-elementor-type=\"wp-page\" data-elementor-id=\"21877\" class=\"elementor elementor-21877 elementor-21234\" data-elementor-post-type=\"page\">\n\t\t\t\t<div class=\"elementor-element elementor-element-2c853ae e-con-full wd-section-stretch e-flex e-con e-parent\" data-id=\"2c853ae\" data-element_type=\"container\" data-e-type=\"container\" data-settings=\"{&quot;background_background&quot;:&quot;classic&quot;}\">\n\t\t\t\t<div class=\"elementor-element elementor-element-311fac2 elementor-widget elementor-widget-heading\" data-id=\"311fac2\" data-element_type=\"widget\" data-e-type=\"widget\" data-widget_type=\"heading.default\">\n\t\t\t\t<div class=\"elementor-widget-container\">\n\t\t\t\t\t<h2 class=\"elementor-heading-title elementor-size-default\">\u00c1reas de Pr\u00e1ctica<\/h2>\t\t\t\t<\/div>\n\t\t\t\t<\/div>\n\t\t\t\t<\/div>\n\t\t<div class=\"elementor-element elementor-element-5a59d9a wd-section-stretch e-flex e-con-boxed e-con e-parent\" data-id=\"5a59d9a\" data-element_type=\"container\" data-e-type=\"container\" data-settings=\"{&quot;background_background&quot;:&quot;classic&quot;}\">\n\t\t\t\t\t<div class=\"e-con-inner\">\n\t\t<div class=\"elementor-element elementor-element-73b3612 e-flex e-con-boxed e-con e-child\" data-id=\"73b3612\" data-element_type=\"container\" data-e-type=\"container\">\n\t\t\t\t\t<div class=\"e-con-inner\">\n\t\t<div class=\"elementor-element elementor-element-d90ce3e e-con-full e-flex e-con e-child\" data-id=\"d90ce3e\" data-element_type=\"container\" data-e-type=\"container\">\n\t\t\t\t<div class=\"elementor-element elementor-element-8bc7ae4 elementor-widget elementor-widget-heading\" data-id=\"8bc7ae4\" data-element_type=\"widget\" data-e-type=\"widget\" data-widget_type=\"heading.default\">\n\t\t\t\t<div class=\"elementor-widget-container\">\n\t\t\t\t\t<h2 class=\"elementor-heading-title elementor-size-default\">\u00c1reas de Pr\u00e1ctica<\/h2>\t\t\t\t<\/div>\n\t\t\t\t<\/div>\n\t\t\t\t<div class=\"elementor-element elementor-element-c5e10fa elementor-nav-menu__align-start elementor-nav-menu--dropdown-none elementor-widget elementor-widget-nav-menu\" data-id=\"c5e10fa\" data-element_type=\"widget\" data-e-type=\"widget\" data-settings=\"{&quot;layout&quot;:&quot;vertical&quot;,&quot;submenu_icon&quot;:{&quot;value&quot;:&quot;&lt;svg aria-hidden=\\&quot;true\\&quot; class=\\&quot;e-font-icon-svg e-fas-caret-down\\&quot; viewBox=\\&quot;0 0 320 512\\&quot; xmlns=\\&quot;http:\\\/\\\/www.w3.org\\\/2000\\\/svg\\&quot;&gt;&lt;path d=\\&quot;M31.3 192h257.3c17.8 0 26.7 21.5 14.1 34.1L174.1 354.8c-7.8 7.8-20.5 7.8-28.3 0L17.2 226.1C4.6 213.5 13.5 192 31.3 192z\\&quot;&gt;&lt;\\\/path&gt;&lt;\\\/svg&gt;&quot;,&quot;library&quot;:&quot;fa-solid&quot;}}\" data-widget_type=\"nav-menu.default\">\n\t\t\t\t<div class=\"elementor-widget-container\">\n\t\t\t\t\t\t\t\t<nav aria-label=\"Menu\" class=\"elementor-nav-menu--main elementor-nav-menu__container elementor-nav-menu--layout-vertical e--pointer-background e--animation-fade\">\n\t\t\t\t<ul id=\"menu-1-c5e10fa\" class=\"elementor-nav-menu sm-vertical\"><li class=\"menu-item menu-item-type-post_type menu-item-object-page menu-item-21960\"><a href=\"https:\/\/solano-law.com\/es\/areas-de-practica\/sociedades-anonimas\/\" class=\"elementor-item\">Sociedades An\u00f3nimas<\/a><\/li>\n<li class=\"menu-item menu-item-type-post_type menu-item-object-page menu-item-21961\"><a href=\"https:\/\/solano-law.com\/es\/areas-de-practica\/fundaciones-de-interes-privado\/\" class=\"elementor-item\">Fundaciones de Inter\u00e9s Privado<\/a><\/li>\n<li class=\"menu-item menu-item-type-post_type menu-item-object-page menu-item-21962\"><a href=\"https:\/\/solano-law.com\/es\/areas-de-practica\/apertura-y-expansion-de-negocios\/\" class=\"elementor-item\">Apertura y Expansi\u00f3n de Negocios<\/a><\/li>\n<li class=\"menu-item menu-item-type-post_type menu-item-object-page menu-item-21963\"><a href=\"https:\/\/solano-law.com\/es\/areas-de-practica\/propiedad-industrial-y-derechos-de-autor\/\" class=\"elementor-item\">Propiedad Industrial y Derechos de Autor<\/a><\/li>\n<li class=\"menu-item menu-item-type-post_type menu-item-object-page menu-item-21964\"><a href=\"https:\/\/solano-law.com\/es\/areas-de-practica\/registro-sanitario\/\" class=\"elementor-item\">Registro Sanitario<\/a><\/li>\n<li class=\"menu-item menu-item-type-post_type menu-item-object-page menu-item-21965\"><a href=\"https:\/\/solano-law.com\/es\/areas-de-practica\/migracion\/\" class=\"elementor-item\">Migraci\u00f3n<\/a><\/li>\n<li class=\"menu-item menu-item-type-post_type menu-item-object-page menu-item-21966\"><a href=\"https:\/\/solano-law.com\/es\/areas-de-practica\/bienes-raices\/\" class=\"elementor-item\">Bienes Ra\u00edces<\/a><\/li>\n<li class=\"menu-item menu-item-type-post_type menu-item-object-page menu-item-21967\"><a href=\"https:\/\/solano-law.com\/es\/areas-de-practica\/contratos\/\" class=\"elementor-item\">Contratos<\/a><\/li>\n<li class=\"menu-item menu-item-type-post_type menu-item-object-page menu-item-21968\"><a href=\"https:\/\/solano-law.com\/es\/areas-de-practica\/litigios\/\" class=\"elementor-item\">Litigios<\/a><\/li>\n<li class=\"menu-item menu-item-type-post_type menu-item-object-page menu-item-21969\"><a href=\"https:\/\/solano-law.com\/es\/areas-de-practica\/asuntos-administrativos\/\" class=\"elementor-item\">Asuntos Administrativos<\/a><\/li>\n<\/ul>\t\t\t<\/nav>\n\t\t\t\t\t\t<nav class=\"elementor-nav-menu--dropdown elementor-nav-menu__container\" aria-hidden=\"true\">\n\t\t\t\t<ul id=\"menu-2-c5e10fa\" class=\"elementor-nav-menu sm-vertical\"><li class=\"menu-item menu-item-type-post_type menu-item-object-page menu-item-21960\"><a href=\"https:\/\/solano-law.com\/es\/areas-de-practica\/sociedades-anonimas\/\" class=\"elementor-item\" tabindex=\"-1\">Sociedades An\u00f3nimas<\/a><\/li>\n<li class=\"menu-item menu-item-type-post_type menu-item-object-page menu-item-21961\"><a href=\"https:\/\/solano-law.com\/es\/areas-de-practica\/fundaciones-de-interes-privado\/\" class=\"elementor-item\" tabindex=\"-1\">Fundaciones de Inter\u00e9s Privado<\/a><\/li>\n<li class=\"menu-item menu-item-type-post_type menu-item-object-page menu-item-21962\"><a href=\"https:\/\/solano-law.com\/es\/areas-de-practica\/apertura-y-expansion-de-negocios\/\" class=\"elementor-item\" tabindex=\"-1\">Apertura y Expansi\u00f3n de Negocios<\/a><\/li>\n<li class=\"menu-item menu-item-type-post_type menu-item-object-page menu-item-21963\"><a href=\"https:\/\/solano-law.com\/es\/areas-de-practica\/propiedad-industrial-y-derechos-de-autor\/\" class=\"elementor-item\" tabindex=\"-1\">Propiedad Industrial y Derechos de Autor<\/a><\/li>\n<li class=\"menu-item menu-item-type-post_type menu-item-object-page menu-item-21964\"><a href=\"https:\/\/solano-law.com\/es\/areas-de-practica\/registro-sanitario\/\" class=\"elementor-item\" tabindex=\"-1\">Registro Sanitario<\/a><\/li>\n<li class=\"menu-item menu-item-type-post_type menu-item-object-page menu-item-21965\"><a href=\"https:\/\/solano-law.com\/es\/areas-de-practica\/migracion\/\" class=\"elementor-item\" tabindex=\"-1\">Migraci\u00f3n<\/a><\/li>\n<li class=\"menu-item menu-item-type-post_type menu-item-object-page menu-item-21966\"><a href=\"https:\/\/solano-law.com\/es\/areas-de-practica\/bienes-raices\/\" class=\"elementor-item\" tabindex=\"-1\">Bienes Ra\u00edces<\/a><\/li>\n<li class=\"menu-item menu-item-type-post_type menu-item-object-page menu-item-21967\"><a href=\"https:\/\/solano-law.com\/es\/areas-de-practica\/contratos\/\" class=\"elementor-item\" tabindex=\"-1\">Contratos<\/a><\/li>\n<li class=\"menu-item menu-item-type-post_type menu-item-object-page menu-item-21968\"><a href=\"https:\/\/solano-law.com\/es\/areas-de-practica\/litigios\/\" class=\"elementor-item\" tabindex=\"-1\">Litigios<\/a><\/li>\n<li class=\"menu-item menu-item-type-post_type menu-item-object-page menu-item-21969\"><a href=\"https:\/\/solano-law.com\/es\/areas-de-practica\/asuntos-administrativos\/\" class=\"elementor-item\" tabindex=\"-1\">Asuntos Administrativos<\/a><\/li>\n<\/ul>\t\t\t<\/nav>\n\t\t\t\t\t\t<\/div>\n\t\t\t\t<\/div>\n\t\t\t\t<\/div>\n\t\t<div class=\"elementor-element elementor-element-87a266e e-con-full e-flex e-con e-child\" data-id=\"87a266e\" data-element_type=\"container\" data-e-type=\"container\">\n\t\t\t\t<div class=\"elementor-element elementor-element-15c5c30 elementor-widget elementor-widget-heading\" data-id=\"15c5c30\" data-element_type=\"widget\" data-e-type=\"widget\" data-widget_type=\"heading.default\">\n\t\t\t\t<div class=\"elementor-widget-container\">\n\t\t\t\t\t<h2 class=\"elementor-heading-title elementor-size-default\">Propiedad Industrial y Derechos de Autor<\/h2>\t\t\t\t<\/div>\n\t\t\t\t<\/div>\n\t\t\t\t<div class=\"elementor-element elementor-element-d56f9e9 color-scheme-inherit text-left elementor-widget elementor-widget-text-editor\" data-id=\"d56f9e9\" data-element_type=\"widget\" data-e-type=\"widget\" data-widget_type=\"text-editor.default\">\n\t\t\t\t<div class=\"elementor-widget-container\">\n\t\t\t\t\t\t\t\t\t<p>A fin de garantizar una protecci\u00f3n eficaz de los derechos de autor y la propiedad intelectual, la Rep\u00fablica de Panam\u00e1, ha ratificado diversos convenios internacionales sobre la materia, al tiempo que sigue las reglas del\u00a0<span style=\"text-decoration: underline;\"><span style=\"color: #000080;\"><a style=\"color: #2668a4;\" title=\"Arreglo de Niza\" href=\"http:\/\/www.wipo.int\/classifications\/nice\/es\/index.html\" target=\"_blank\" rel=\"noopener\"><b>Arreglo de Niza<\/b><\/a><\/span><\/span>\u00a0en lo relativo a la clasificaci\u00f3n de los productos y servicios para el registro de las marcas de f\u00e1brica o de comercio y las marcas de servicios.<\/p><p>Por ello, Panam\u00e1 ha creado las direcciones nacionales orientadas a garantizar la protecci\u00f3n de marcas registradas, patentes de invenci\u00f3n; obras cinematogr\u00e1ficas, musicales, literarias y programas de ordenador (softwares), entre otros tipos de creaciones protegidas en su autor\u00eda por nuestra legislaci\u00f3n. Adicionalmente Panam\u00e1 cuenta con una jurisdicci\u00f3n especializada en la protecci\u00f3n de los derechos de autor, la cual persigue y castiga en la categor\u00eda de delitos, aquellas acciones fraudulentas que se cometan en perjuicio de los derechos de autor y la propiedad intelectual.<\/p>\t\t\t\t\t\t\t\t<\/div>\n\t\t\t\t<\/div>\n\t\t\t\t<\/div>\n\t\t\t\t\t<\/div>\n\t\t\t\t<\/div>\n\t\t\t\t\t<\/div>\n\t\t\t\t<\/div>\n\t\t\t\t<\/div>\n\t\t","protected":false},"excerpt":{"rendered":"<p>\u00c1reas de Pr\u00e1ctica \u00c1reas de Pr\u00e1ctica A fin de garantizar una protecci\u00f3n eficaz de los derechos de autor y la<\/p>\n","protected":false},"author":1,"featured_media":0,"parent":21878,"menu_order":0,"comment_status":"closed","ping_status":"closed","template":"elementor_header_footer","meta":{"footnotes":""},"class_list":["post-21877","page","type-page","status-publish","hentry"],"_links":{"self":[{"href":"https:\/\/solano-law.com\/es\/wp-json\/wp\/v2\/pages\/21877","targetHints":{"allow":["GET"]}}],"collection":[{"href":"https:\/\/solano-law.com\/es\/wp-json\/wp\/v2\/pages"}],"about":[{"href":"https:\/\/solano-law.com\/es\/wp-json\/wp\/v2\/types\/page"}],"author":[{"embeddable":true,"href":"https:\/\/solano-law.com\/es\/wp-json\/wp\/v2\/users\/1"}],"replies":[{"embeddable":true,"href":"https:\/\/solano-law.com\/es\/wp-json\/wp\/v2\/comments?post=21877"}],"version-history":[{"count":7,"href":"https:\/\/solano-law.com\/es\/wp-json\/wp\/v2\/pages\/21877\/revisions"}],"predecessor-version":[{"id":22013,"href":"https:\/\/solano-law.com\/es\/wp-json\/wp\/v2\/pages\/21877\/revisions\/22013"}],"up":[{"embeddable":true,"href":"https:\/\/solano-law.com\/es\/wp-json\/wp\/v2\/pages\/21878"}],"wp:attachment":[{"href":"https:\/\/solano-law.com\/es\/wp-json\/wp\/v2\/media?parent=21877"}],"curies":[{"name":"wp","href":"https:\/\/api.w.org\/{rel}","templated":true}]}}