{"id":21883,"date":"2025-05-06T22:13:59","date_gmt":"2025-05-07T03:13:59","guid":{"rendered":"https:\/\/solano-law.com\/areas-de-practica\/empresas\/"},"modified":"2025-05-29T19:14:03","modified_gmt":"2025-05-30T00:14:03","slug":"sociedades-anonimas","status":"publish","type":"page","link":"https:\/\/solano-law.com\/es\/areas-de-practica\/sociedades-anonimas\/","title":{"rendered":"Sociedades An\u00f3nimas"},"content":{"rendered":"\t\t<div data-elementor-type=\"wp-page\" data-elementor-id=\"21883\" class=\"elementor elementor-21883 elementor-21183\" data-elementor-post-type=\"page\">\n\t\t\t\t<div class=\"elementor-element elementor-element-9cf8cfb e-con-full wd-section-stretch e-flex e-con e-parent\" data-id=\"9cf8cfb\" data-element_type=\"container\" data-e-type=\"container\" data-settings=\"{&quot;background_background&quot;:&quot;classic&quot;}\">\n\t\t\t\t<div class=\"elementor-element elementor-element-83b5d5f elementor-widget elementor-widget-heading\" data-id=\"83b5d5f\" data-element_type=\"widget\" data-e-type=\"widget\" data-widget_type=\"heading.default\">\n\t\t\t\t<div class=\"elementor-widget-container\">\n\t\t\t\t\t<h2 class=\"elementor-heading-title elementor-size-default\">\u00c1reas de Pr\u00e1ctica<\/h2>\t\t\t\t<\/div>\n\t\t\t\t<\/div>\n\t\t\t\t<\/div>\n\t\t<div class=\"elementor-element elementor-element-c31e465 wd-section-stretch e-flex e-con-boxed e-con e-parent\" data-id=\"c31e465\" data-element_type=\"container\" data-e-type=\"container\" data-settings=\"{&quot;background_background&quot;:&quot;classic&quot;}\">\n\t\t\t\t\t<div class=\"e-con-inner\">\n\t\t<div class=\"elementor-element elementor-element-0db1994 e-flex e-con-boxed e-con e-child\" data-id=\"0db1994\" data-element_type=\"container\" data-e-type=\"container\">\n\t\t\t\t\t<div class=\"e-con-inner\">\n\t\t<div class=\"elementor-element elementor-element-0852758 e-con-full e-flex e-con e-child\" data-id=\"0852758\" data-element_type=\"container\" data-e-type=\"container\">\n\t\t\t\t<div class=\"elementor-element elementor-element-e87183d elementor-widget elementor-widget-heading\" data-id=\"e87183d\" data-element_type=\"widget\" data-e-type=\"widget\" data-widget_type=\"heading.default\">\n\t\t\t\t<div class=\"elementor-widget-container\">\n\t\t\t\t\t<h2 class=\"elementor-heading-title elementor-size-default\">\u00c1reas de Pr\u00e1ctica<\/h2>\t\t\t\t<\/div>\n\t\t\t\t<\/div>\n\t\t\t\t<div class=\"elementor-element elementor-element-a82700c elementor-nav-menu__align-start elementor-nav-menu--dropdown-none elementor-widget elementor-widget-nav-menu\" data-id=\"a82700c\" data-element_type=\"widget\" data-e-type=\"widget\" data-settings=\"{&quot;layout&quot;:&quot;vertical&quot;,&quot;submenu_icon&quot;:{&quot;value&quot;:&quot;&lt;svg aria-hidden=\\&quot;true\\&quot; class=\\&quot;e-font-icon-svg e-fas-caret-down\\&quot; viewBox=\\&quot;0 0 320 512\\&quot; xmlns=\\&quot;http:\\\/\\\/www.w3.org\\\/2000\\\/svg\\&quot;&gt;&lt;path d=\\&quot;M31.3 192h257.3c17.8 0 26.7 21.5 14.1 34.1L174.1 354.8c-7.8 7.8-20.5 7.8-28.3 0L17.2 226.1C4.6 213.5 13.5 192 31.3 192z\\&quot;&gt;&lt;\\\/path&gt;&lt;\\\/svg&gt;&quot;,&quot;library&quot;:&quot;fa-solid&quot;}}\" data-widget_type=\"nav-menu.default\">\n\t\t\t\t<div class=\"elementor-widget-container\">\n\t\t\t\t\t\t\t\t<nav aria-label=\"Menu\" class=\"elementor-nav-menu--main elementor-nav-menu__container elementor-nav-menu--layout-vertical e--pointer-background e--animation-fade\">\n\t\t\t\t<ul id=\"menu-1-a82700c\" class=\"elementor-nav-menu sm-vertical\"><li class=\"menu-item menu-item-type-post_type menu-item-object-page menu-item-21960\"><a href=\"https:\/\/solano-law.com\/es\/areas-de-practica\/sociedades-anonimas\/\" class=\"elementor-item\">Sociedades An\u00f3nimas<\/a><\/li>\n<li class=\"menu-item menu-item-type-post_type menu-item-object-page menu-item-21961\"><a href=\"https:\/\/solano-law.com\/es\/areas-de-practica\/fundaciones-de-interes-privado\/\" class=\"elementor-item\">Fundaciones de Inter\u00e9s Privado<\/a><\/li>\n<li class=\"menu-item menu-item-type-post_type menu-item-object-page menu-item-21962\"><a href=\"https:\/\/solano-law.com\/es\/areas-de-practica\/apertura-y-expansion-de-negocios\/\" class=\"elementor-item\">Apertura y Expansi\u00f3n de Negocios<\/a><\/li>\n<li class=\"menu-item menu-item-type-post_type menu-item-object-page menu-item-21963\"><a href=\"https:\/\/solano-law.com\/es\/areas-de-practica\/propiedad-industrial-y-derechos-de-autor\/\" class=\"elementor-item\">Propiedad Industrial y Derechos de Autor<\/a><\/li>\n<li class=\"menu-item menu-item-type-post_type menu-item-object-page menu-item-21964\"><a href=\"https:\/\/solano-law.com\/es\/areas-de-practica\/registro-sanitario\/\" class=\"elementor-item\">Registro Sanitario<\/a><\/li>\n<li class=\"menu-item menu-item-type-post_type menu-item-object-page menu-item-21965\"><a href=\"https:\/\/solano-law.com\/es\/areas-de-practica\/migracion\/\" class=\"elementor-item\">Migraci\u00f3n<\/a><\/li>\n<li class=\"menu-item menu-item-type-post_type menu-item-object-page menu-item-21966\"><a href=\"https:\/\/solano-law.com\/es\/areas-de-practica\/bienes-raices\/\" class=\"elementor-item\">Bienes Ra\u00edces<\/a><\/li>\n<li class=\"menu-item menu-item-type-post_type menu-item-object-page menu-item-21967\"><a href=\"https:\/\/solano-law.com\/es\/areas-de-practica\/contratos\/\" class=\"elementor-item\">Contratos<\/a><\/li>\n<li class=\"menu-item menu-item-type-post_type menu-item-object-page menu-item-21968\"><a href=\"https:\/\/solano-law.com\/es\/areas-de-practica\/litigios\/\" class=\"elementor-item\">Litigios<\/a><\/li>\n<li class=\"menu-item menu-item-type-post_type menu-item-object-page menu-item-21969\"><a href=\"https:\/\/solano-law.com\/es\/areas-de-practica\/asuntos-administrativos\/\" class=\"elementor-item\">Asuntos Administrativos<\/a><\/li>\n<\/ul>\t\t\t<\/nav>\n\t\t\t\t\t\t<nav class=\"elementor-nav-menu--dropdown elementor-nav-menu__container\" aria-hidden=\"true\">\n\t\t\t\t<ul id=\"menu-2-a82700c\" class=\"elementor-nav-menu sm-vertical\"><li class=\"menu-item menu-item-type-post_type menu-item-object-page menu-item-21960\"><a href=\"https:\/\/solano-law.com\/es\/areas-de-practica\/sociedades-anonimas\/\" class=\"elementor-item\" tabindex=\"-1\">Sociedades An\u00f3nimas<\/a><\/li>\n<li class=\"menu-item menu-item-type-post_type menu-item-object-page menu-item-21961\"><a href=\"https:\/\/solano-law.com\/es\/areas-de-practica\/fundaciones-de-interes-privado\/\" class=\"elementor-item\" tabindex=\"-1\">Fundaciones de Inter\u00e9s Privado<\/a><\/li>\n<li class=\"menu-item menu-item-type-post_type menu-item-object-page menu-item-21962\"><a href=\"https:\/\/solano-law.com\/es\/areas-de-practica\/apertura-y-expansion-de-negocios\/\" class=\"elementor-item\" tabindex=\"-1\">Apertura y Expansi\u00f3n de Negocios<\/a><\/li>\n<li class=\"menu-item menu-item-type-post_type menu-item-object-page menu-item-21963\"><a href=\"https:\/\/solano-law.com\/es\/areas-de-practica\/propiedad-industrial-y-derechos-de-autor\/\" class=\"elementor-item\" tabindex=\"-1\">Propiedad Industrial y Derechos de Autor<\/a><\/li>\n<li class=\"menu-item menu-item-type-post_type menu-item-object-page menu-item-21964\"><a href=\"https:\/\/solano-law.com\/es\/areas-de-practica\/registro-sanitario\/\" class=\"elementor-item\" tabindex=\"-1\">Registro Sanitario<\/a><\/li>\n<li class=\"menu-item menu-item-type-post_type menu-item-object-page menu-item-21965\"><a href=\"https:\/\/solano-law.com\/es\/areas-de-practica\/migracion\/\" class=\"elementor-item\" tabindex=\"-1\">Migraci\u00f3n<\/a><\/li>\n<li class=\"menu-item menu-item-type-post_type menu-item-object-page menu-item-21966\"><a href=\"https:\/\/solano-law.com\/es\/areas-de-practica\/bienes-raices\/\" class=\"elementor-item\" tabindex=\"-1\">Bienes Ra\u00edces<\/a><\/li>\n<li class=\"menu-item menu-item-type-post_type menu-item-object-page menu-item-21967\"><a href=\"https:\/\/solano-law.com\/es\/areas-de-practica\/contratos\/\" class=\"elementor-item\" tabindex=\"-1\">Contratos<\/a><\/li>\n<li class=\"menu-item menu-item-type-post_type menu-item-object-page menu-item-21968\"><a href=\"https:\/\/solano-law.com\/es\/areas-de-practica\/litigios\/\" class=\"elementor-item\" tabindex=\"-1\">Litigios<\/a><\/li>\n<li class=\"menu-item menu-item-type-post_type menu-item-object-page menu-item-21969\"><a href=\"https:\/\/solano-law.com\/es\/areas-de-practica\/asuntos-administrativos\/\" class=\"elementor-item\" tabindex=\"-1\">Asuntos Administrativos<\/a><\/li>\n<\/ul>\t\t\t<\/nav>\n\t\t\t\t\t\t<\/div>\n\t\t\t\t<\/div>\n\t\t\t\t<\/div>\n\t\t<div class=\"elementor-element elementor-element-41f219f e-con-full e-flex e-con e-child\" data-id=\"41f219f\" data-element_type=\"container\" data-e-type=\"container\">\n\t\t\t\t<div class=\"elementor-element elementor-element-6991f46 elementor-widget elementor-widget-heading\" data-id=\"6991f46\" data-element_type=\"widget\" data-e-type=\"widget\" data-widget_type=\"heading.default\">\n\t\t\t\t<div class=\"elementor-widget-container\">\n\t\t\t\t\t<h2 class=\"elementor-heading-title elementor-size-default\">Sociedades An\u00f3nimas<\/h2>\t\t\t\t<\/div>\n\t\t\t\t<\/div>\n\t\t\t\t<div class=\"elementor-element elementor-element-34dfbc4 color-scheme-inherit text-left elementor-widget elementor-widget-text-editor\" data-id=\"34dfbc4\" data-element_type=\"widget\" data-e-type=\"widget\" data-widget_type=\"text-editor.default\">\n\t\t\t\t<div class=\"elementor-widget-container\">\n\t\t\t\t\t\t\t\t\t<p>La Rep\u00fablica de Panam\u00e1 es reconocida en el mundo entero como un centro financiero internacional que cuenta con normas e instrumentos adecuados para atraer la inversi\u00f3n, tanto nacional como extranjera.<\/p><p>Esta misma orientaci\u00f3n es seguida por la legislaci\u00f3n paname\u00f1a, la cual permite que todas las sociedades an\u00f3nimas constituidas en este pa\u00eds, cuenten con un sinn\u00famero de ventajas para servir como veh\u00edculo de planeamiento financiero y limitaci\u00f3n de responsabilidad, as\u00ed como una herramienta eficaz para la organizaci\u00f3n y protecci\u00f3n de activos. Una sociedad an\u00f3nima en la Rep\u00fablica de Panam\u00e1 puede ser constituida en 48 a 72 horas entre un m\u00ednimo de dos personas sin necesidad de pagar el capital social suscrito y, entre otras, cuenta con las siguientes ventajas:<\/p><ul><li>Permiten mantener el anonimato de sus accionistas y propietarios.<\/li><li>No tienen la obligaci\u00f3n de pagar impuestos sobre los ingresos percibidos de fuente extranjera.<\/li><li>Las reuniones de sus accionistas y directores, pueden celebrarse en cualquier parte del mundo.<\/li><li>No existe la obligaci\u00f3n de pagar el capital declarado de la sociedad an\u00f3nima al momento de su constituci\u00f3n.<\/li><li>Sus acciones pueden ser emitidas a t\u00edtulo nominativo, o bien al portador, lo que contribuye a mantener la confidencialidad del propietario de sus acciones.<\/li><li>El Estado no ejerce ning\u00fan tipo de control sobre los libros de acciones ni los accionistas de las sociedades an\u00f3nimas en Panam\u00e1.<\/li><li>Sirve como una excelente herramienta de protecci\u00f3n de activos y organizaci\u00f3n financiera.<\/li><\/ul>\t\t\t\t\t\t\t\t<\/div>\n\t\t\t\t<\/div>\n\t\t\t\t<\/div>\n\t\t\t\t\t<\/div>\n\t\t\t\t<\/div>\n\t\t\t\t\t<\/div>\n\t\t\t\t<\/div>\n\t\t\t\t<\/div>\n\t\t","protected":false},"excerpt":{"rendered":"<p>\u00c1reas de Pr\u00e1ctica \u00c1reas de Pr\u00e1ctica La Rep\u00fablica de Panam\u00e1 es reconocida en el mundo entero como un centro financiero<\/p>\n","protected":false},"author":1,"featured_media":0,"parent":21878,"menu_order":0,"comment_status":"closed","ping_status":"closed","template":"elementor_header_footer","meta":{"footnotes":""},"class_list":["post-21883","page","type-page","status-publish","hentry"],"_links":{"self":[{"href":"https:\/\/solano-law.com\/es\/wp-json\/wp\/v2\/pages\/21883","targetHints":{"allow":["GET"]}}],"collection":[{"href":"https:\/\/solano-law.com\/es\/wp-json\/wp\/v2\/pages"}],"about":[{"href":"https:\/\/solano-law.com\/es\/wp-json\/wp\/v2\/types\/page"}],"author":[{"embeddable":true,"href":"https:\/\/solano-law.com\/es\/wp-json\/wp\/v2\/users\/1"}],"replies":[{"embeddable":true,"href":"https:\/\/solano-law.com\/es\/wp-json\/wp\/v2\/comments?post=21883"}],"version-history":[{"count":6,"href":"https:\/\/solano-law.com\/es\/wp-json\/wp\/v2\/pages\/21883\/revisions"}],"predecessor-version":[{"id":21997,"href":"https:\/\/solano-law.com\/es\/wp-json\/wp\/v2\/pages\/21883\/revisions\/21997"}],"up":[{"embeddable":true,"href":"https:\/\/solano-law.com\/es\/wp-json\/wp\/v2\/pages\/21878"}],"wp:attachment":[{"href":"https:\/\/solano-law.com\/es\/wp-json\/wp\/v2\/media?parent=21883"}],"curies":[{"name":"wp","href":"https:\/\/api.w.org\/{rel}","templated":true}]}}