{"id":21886,"date":"2025-05-06T22:43:52","date_gmt":"2025-05-07T03:43:52","guid":{"rendered":"https:\/\/solano-law.com\/areas-de-practica\/inmigracion\/"},"modified":"2025-05-29T20:59:19","modified_gmt":"2025-05-30T01:59:19","slug":"migracion","status":"publish","type":"page","link":"https:\/\/solano-law.com\/es\/areas-de-practica\/migracion\/","title":{"rendered":"Migraci\u00f3n"},"content":{"rendered":"\t\t<div data-elementor-type=\"wp-page\" data-elementor-id=\"21886\" class=\"elementor elementor-21886 elementor-21244\" data-elementor-post-type=\"page\">\n\t\t\t\t<div class=\"elementor-element elementor-element-ba078a5 e-con-full wd-section-stretch e-flex e-con e-parent\" data-id=\"ba078a5\" data-element_type=\"container\" data-e-type=\"container\" data-settings=\"{&quot;background_background&quot;:&quot;classic&quot;}\">\n\t\t\t\t<div class=\"elementor-element elementor-element-91bd6e0 elementor-widget elementor-widget-heading\" data-id=\"91bd6e0\" data-element_type=\"widget\" data-e-type=\"widget\" data-widget_type=\"heading.default\">\n\t\t\t\t<div class=\"elementor-widget-container\">\n\t\t\t\t\t<h2 class=\"elementor-heading-title elementor-size-default\">\u00c1reas de Pr\u00e1ctica<\/h2>\t\t\t\t<\/div>\n\t\t\t\t<\/div>\n\t\t\t\t<\/div>\n\t\t<div class=\"elementor-element elementor-element-1c35f85 wd-section-stretch e-flex e-con-boxed e-con e-parent\" data-id=\"1c35f85\" data-element_type=\"container\" data-e-type=\"container\" data-settings=\"{&quot;background_background&quot;:&quot;classic&quot;}\">\n\t\t\t\t\t<div class=\"e-con-inner\">\n\t\t<div class=\"elementor-element elementor-element-4207eff e-flex e-con-boxed e-con e-child\" data-id=\"4207eff\" data-element_type=\"container\" data-e-type=\"container\">\n\t\t\t\t\t<div class=\"e-con-inner\">\n\t\t<div class=\"elementor-element elementor-element-a4c2a9f e-con-full e-flex e-con e-child\" data-id=\"a4c2a9f\" data-element_type=\"container\" data-e-type=\"container\">\n\t\t\t\t<div class=\"elementor-element elementor-element-66101d0 elementor-widget elementor-widget-heading\" data-id=\"66101d0\" data-element_type=\"widget\" data-e-type=\"widget\" data-widget_type=\"heading.default\">\n\t\t\t\t<div class=\"elementor-widget-container\">\n\t\t\t\t\t<h2 class=\"elementor-heading-title elementor-size-default\">\u00c1reas de Pr\u00e1ctica<\/h2>\t\t\t\t<\/div>\n\t\t\t\t<\/div>\n\t\t\t\t<div class=\"elementor-element elementor-element-978e6b2 elementor-nav-menu__align-start elementor-nav-menu--dropdown-none elementor-widget elementor-widget-nav-menu\" data-id=\"978e6b2\" data-element_type=\"widget\" data-e-type=\"widget\" data-settings=\"{&quot;layout&quot;:&quot;vertical&quot;,&quot;submenu_icon&quot;:{&quot;value&quot;:&quot;&lt;svg aria-hidden=\\&quot;true\\&quot; class=\\&quot;e-font-icon-svg e-fas-caret-down\\&quot; viewBox=\\&quot;0 0 320 512\\&quot; xmlns=\\&quot;http:\\\/\\\/www.w3.org\\\/2000\\\/svg\\&quot;&gt;&lt;path d=\\&quot;M31.3 192h257.3c17.8 0 26.7 21.5 14.1 34.1L174.1 354.8c-7.8 7.8-20.5 7.8-28.3 0L17.2 226.1C4.6 213.5 13.5 192 31.3 192z\\&quot;&gt;&lt;\\\/path&gt;&lt;\\\/svg&gt;&quot;,&quot;library&quot;:&quot;fa-solid&quot;}}\" data-widget_type=\"nav-menu.default\">\n\t\t\t\t<div class=\"elementor-widget-container\">\n\t\t\t\t\t\t\t\t<nav aria-label=\"Menu\" class=\"elementor-nav-menu--main elementor-nav-menu__container elementor-nav-menu--layout-vertical e--pointer-background e--animation-fade\">\n\t\t\t\t<ul id=\"menu-1-978e6b2\" class=\"elementor-nav-menu sm-vertical\"><li class=\"menu-item menu-item-type-post_type menu-item-object-page menu-item-21960\"><a href=\"https:\/\/solano-law.com\/es\/areas-de-practica\/sociedades-anonimas\/\" class=\"elementor-item\">Sociedades An\u00f3nimas<\/a><\/li>\n<li class=\"menu-item menu-item-type-post_type menu-item-object-page menu-item-21961\"><a href=\"https:\/\/solano-law.com\/es\/areas-de-practica\/fundaciones-de-interes-privado\/\" class=\"elementor-item\">Fundaciones de Inter\u00e9s Privado<\/a><\/li>\n<li class=\"menu-item menu-item-type-post_type menu-item-object-page menu-item-21962\"><a href=\"https:\/\/solano-law.com\/es\/areas-de-practica\/apertura-y-expansion-de-negocios\/\" class=\"elementor-item\">Apertura y Expansi\u00f3n de Negocios<\/a><\/li>\n<li class=\"menu-item menu-item-type-post_type menu-item-object-page menu-item-21963\"><a href=\"https:\/\/solano-law.com\/es\/areas-de-practica\/propiedad-industrial-y-derechos-de-autor\/\" class=\"elementor-item\">Propiedad Industrial y Derechos de Autor<\/a><\/li>\n<li class=\"menu-item menu-item-type-post_type menu-item-object-page menu-item-21964\"><a href=\"https:\/\/solano-law.com\/es\/areas-de-practica\/registro-sanitario\/\" class=\"elementor-item\">Registro Sanitario<\/a><\/li>\n<li class=\"menu-item menu-item-type-post_type menu-item-object-page menu-item-21965\"><a href=\"https:\/\/solano-law.com\/es\/areas-de-practica\/migracion\/\" class=\"elementor-item\">Migraci\u00f3n<\/a><\/li>\n<li class=\"menu-item menu-item-type-post_type menu-item-object-page menu-item-21966\"><a href=\"https:\/\/solano-law.com\/es\/areas-de-practica\/bienes-raices\/\" class=\"elementor-item\">Bienes Ra\u00edces<\/a><\/li>\n<li class=\"menu-item menu-item-type-post_type menu-item-object-page menu-item-21967\"><a href=\"https:\/\/solano-law.com\/es\/areas-de-practica\/contratos\/\" class=\"elementor-item\">Contratos<\/a><\/li>\n<li class=\"menu-item menu-item-type-post_type menu-item-object-page menu-item-21968\"><a href=\"https:\/\/solano-law.com\/es\/areas-de-practica\/litigios\/\" class=\"elementor-item\">Litigios<\/a><\/li>\n<li class=\"menu-item menu-item-type-post_type menu-item-object-page menu-item-21969\"><a href=\"https:\/\/solano-law.com\/es\/areas-de-practica\/asuntos-administrativos\/\" class=\"elementor-item\">Asuntos Administrativos<\/a><\/li>\n<\/ul>\t\t\t<\/nav>\n\t\t\t\t\t\t<nav class=\"elementor-nav-menu--dropdown elementor-nav-menu__container\" aria-hidden=\"true\">\n\t\t\t\t<ul id=\"menu-2-978e6b2\" class=\"elementor-nav-menu sm-vertical\"><li class=\"menu-item menu-item-type-post_type menu-item-object-page menu-item-21960\"><a href=\"https:\/\/solano-law.com\/es\/areas-de-practica\/sociedades-anonimas\/\" class=\"elementor-item\" tabindex=\"-1\">Sociedades An\u00f3nimas<\/a><\/li>\n<li class=\"menu-item menu-item-type-post_type menu-item-object-page menu-item-21961\"><a href=\"https:\/\/solano-law.com\/es\/areas-de-practica\/fundaciones-de-interes-privado\/\" class=\"elementor-item\" tabindex=\"-1\">Fundaciones de Inter\u00e9s Privado<\/a><\/li>\n<li class=\"menu-item menu-item-type-post_type menu-item-object-page menu-item-21962\"><a href=\"https:\/\/solano-law.com\/es\/areas-de-practica\/apertura-y-expansion-de-negocios\/\" class=\"elementor-item\" tabindex=\"-1\">Apertura y Expansi\u00f3n de Negocios<\/a><\/li>\n<li class=\"menu-item menu-item-type-post_type menu-item-object-page menu-item-21963\"><a href=\"https:\/\/solano-law.com\/es\/areas-de-practica\/propiedad-industrial-y-derechos-de-autor\/\" class=\"elementor-item\" tabindex=\"-1\">Propiedad Industrial y Derechos de Autor<\/a><\/li>\n<li class=\"menu-item menu-item-type-post_type menu-item-object-page menu-item-21964\"><a href=\"https:\/\/solano-law.com\/es\/areas-de-practica\/registro-sanitario\/\" class=\"elementor-item\" tabindex=\"-1\">Registro Sanitario<\/a><\/li>\n<li class=\"menu-item menu-item-type-post_type menu-item-object-page menu-item-21965\"><a href=\"https:\/\/solano-law.com\/es\/areas-de-practica\/migracion\/\" class=\"elementor-item\" tabindex=\"-1\">Migraci\u00f3n<\/a><\/li>\n<li class=\"menu-item menu-item-type-post_type menu-item-object-page menu-item-21966\"><a href=\"https:\/\/solano-law.com\/es\/areas-de-practica\/bienes-raices\/\" class=\"elementor-item\" tabindex=\"-1\">Bienes Ra\u00edces<\/a><\/li>\n<li class=\"menu-item menu-item-type-post_type menu-item-object-page menu-item-21967\"><a href=\"https:\/\/solano-law.com\/es\/areas-de-practica\/contratos\/\" class=\"elementor-item\" tabindex=\"-1\">Contratos<\/a><\/li>\n<li class=\"menu-item menu-item-type-post_type menu-item-object-page menu-item-21968\"><a href=\"https:\/\/solano-law.com\/es\/areas-de-practica\/litigios\/\" class=\"elementor-item\" tabindex=\"-1\">Litigios<\/a><\/li>\n<li class=\"menu-item menu-item-type-post_type menu-item-object-page menu-item-21969\"><a href=\"https:\/\/solano-law.com\/es\/areas-de-practica\/asuntos-administrativos\/\" class=\"elementor-item\" tabindex=\"-1\">Asuntos Administrativos<\/a><\/li>\n<\/ul>\t\t\t<\/nav>\n\t\t\t\t\t\t<\/div>\n\t\t\t\t<\/div>\n\t\t\t\t<\/div>\n\t\t<div class=\"elementor-element elementor-element-b9a1102 e-con-full e-flex e-con e-child\" data-id=\"b9a1102\" data-element_type=\"container\" data-e-type=\"container\">\n\t\t\t\t<div class=\"elementor-element elementor-element-595f980 elementor-widget elementor-widget-heading\" data-id=\"595f980\" data-element_type=\"widget\" data-e-type=\"widget\" data-widget_type=\"heading.default\">\n\t\t\t\t<div class=\"elementor-widget-container\">\n\t\t\t\t\t<h2 class=\"elementor-heading-title elementor-size-default\">Migraci\u00f3n<\/h2>\t\t\t\t<\/div>\n\t\t\t\t<\/div>\n\t\t\t\t<div class=\"elementor-element elementor-element-d9dbb1f color-scheme-inherit text-left elementor-widget elementor-widget-text-editor\" data-id=\"d9dbb1f\" data-element_type=\"widget\" data-e-type=\"widget\" data-widget_type=\"text-editor.default\">\n\t\t\t\t<div class=\"elementor-widget-container\">\n\t\t\t\t\t\t\t\t\t<p>Las autorizaciones de entrada de extranjeros a Panam\u00e1 y la permanencia de inmigrantes, son expedidas por el\u00a0<span style=\"text-decoration: underline;\"><span style=\"color: #000080; text-decoration: underline;\"><a style=\"color: #2668a4; text-decoration: underline;\" title=\"Servicio Nacional de Migraci\u00f3n\" href=\"http:\/\/www.migracion.gob.pa\/\" target=\"_blank\" rel=\"noopener\"><b>Servicio Nacional de Migraci\u00f3n<\/b><\/a><\/span><\/span>;\u00a0entidad adscrita al Ministerio de Seguridad P\u00fablica. Las regulaciones nacionales de migraci\u00f3n en Panam\u00e1 permiten otorgar a los visitantes e inmigrantes, visas de entrada y permanencia bajo diversas modalidades, como visitantes, estudiantes, miembros de misiones cient\u00edficas, culturales, humanitarias o religiosas, obreros especializados o t\u00e9cnicos, ejecutivos de empresas ubicadas en la\u00a0<span style=\"text-decoration: underline;\"><span style=\"color: #000080; text-decoration: underline;\"><a style=\"color: #2668a4; text-decoration: underline;\" href=\"https:\/\/www.zolicol.gob.pa\/\" target=\"_blank\" rel=\"noopener\"><strong>Zona Libre de Col\u00f3n<\/strong><\/a><\/span><\/span>, trabajadores de empresas ubicadas en zonas procesadoras para la exportaci\u00f3n, entre otras.<\/p><p>En adici\u00f3n a ello, a las personas extranjeras se les permite trabajar dentro de la Rep\u00fablica de Panam\u00e1, previa autorizaci\u00f3n del Ministerio de Trabajo y Desarrollo Laboral y previo cumplimiento de los tr\u00e1mites exigidos por esa dependencia para la expedici\u00f3n de este permiso laboral bajo alguna de las modalidades permitidas. A t\u00edtulo de ejemplo, por regla general en Panam\u00e1 se permite a las empresas mantener un trabajador extranjero por cada diez trabajadores nacionales, salvo las excepciones de empresas especialmente facultadas para superar esta proporci\u00f3n.<\/p><p>Ejemplo: empresas ubicadas en la\u00a0<span style=\"text-decoration: underline;\"><span style=\"color: #000080;\"><a style=\"color: #2668a4;\" title=\"Zona Libre de Col\u00f3n\" href=\"https:\/\/www.zolicol.gob.pa\/\" target=\"_blank\" rel=\"noopener\"><b>Zona Libre de Col\u00f3n<\/b><\/a><\/span><\/span><b>,<\/b><b>\u00a0<\/b>en zonas procesadoras para la exportaci\u00f3n, en centros de llamadas internacionales o call centers, en la\u00a0<span style=\"text-decoration: underline;\"><span style=\"color: #000080;\"><a style=\"color: #2668a4;\" title=\"Ciudad del Saber\" href=\"http:\/\/www.ciudaddelsaber.org\/\" target=\"_blank\" rel=\"noopener\"><b>Ciudad del Saber<\/b><\/a><\/span><\/span><b>\u00a0<\/b> y el Tecno-Parque Internacional de Panam\u00e1<b>;<\/b><b>\u00a0<\/b>o bien empresas inscritas en el\u00a0Registro Nacional de la Industria Cinematogr\u00e1fica y Audiovisual de Panam\u00e1<b>,<\/b><b>\u00a0<\/b>o en la<b>\u00a0<span style=\"text-decoration: underline;\"><span style=\"color: #000080;\"><a style=\"color: #2668a4; text-decoration: underline;\" href=\"http:\/\/www.panamapacifico.com\/\" target=\"_blank\" rel=\"noopener\">Agencia Panam\u00e1 Pacifico<\/a><\/span><\/span><\/b><b>.<\/b><\/p>\t\t\t\t\t\t\t\t<\/div>\n\t\t\t\t<\/div>\n\t\t\t\t<\/div>\n\t\t\t\t\t<\/div>\n\t\t\t\t<\/div>\n\t\t\t\t\t<\/div>\n\t\t\t\t<\/div>\n\t\t\t\t<\/div>\n\t\t","protected":false},"excerpt":{"rendered":"<p>\u00c1reas de Pr\u00e1ctica \u00c1reas de Pr\u00e1ctica Las autorizaciones de entrada de extranjeros a Panam\u00e1 y la permanencia de inmigrantes, son<\/p>\n","protected":false},"author":1,"featured_media":0,"parent":21878,"menu_order":0,"comment_status":"closed","ping_status":"closed","template":"elementor_header_footer","meta":{"footnotes":""},"class_list":["post-21886","page","type-page","status-publish","hentry"],"_links":{"self":[{"href":"https:\/\/solano-law.com\/es\/wp-json\/wp\/v2\/pages\/21886","targetHints":{"allow":["GET"]}}],"collection":[{"href":"https:\/\/solano-law.com\/es\/wp-json\/wp\/v2\/pages"}],"about":[{"href":"https:\/\/solano-law.com\/es\/wp-json\/wp\/v2\/types\/page"}],"author":[{"embeddable":true,"href":"https:\/\/solano-law.com\/es\/wp-json\/wp\/v2\/users\/1"}],"replies":[{"embeddable":true,"href":"https:\/\/solano-law.com\/es\/wp-json\/wp\/v2\/comments?post=21886"}],"version-history":[{"count":6,"href":"https:\/\/solano-law.com\/es\/wp-json\/wp\/v2\/pages\/21886\/revisions"}],"predecessor-version":[{"id":22019,"href":"https:\/\/solano-law.com\/es\/wp-json\/wp\/v2\/pages\/21886\/revisions\/22019"}],"up":[{"embeddable":true,"href":"https:\/\/solano-law.com\/es\/wp-json\/wp\/v2\/pages\/21878"}],"wp:attachment":[{"href":"https:\/\/solano-law.com\/es\/wp-json\/wp\/v2\/media?parent=21886"}],"curies":[{"name":"wp","href":"https:\/\/api.w.org\/{rel}","templated":true}]}}