{"id":21887,"date":"2025-05-06T22:36:35","date_gmt":"2025-05-07T03:36:35","guid":{"rendered":"https:\/\/solano-law.com\/areas-de-practica\/fundaciones-de-interes-privado\/"},"modified":"2025-05-29T20:54:04","modified_gmt":"2025-05-30T01:54:04","slug":"fundaciones-de-interes-privado","status":"publish","type":"page","link":"https:\/\/solano-law.com\/es\/areas-de-practica\/fundaciones-de-interes-privado\/","title":{"rendered":"Fundaciones de Inter\u00e9s Privado"},"content":{"rendered":"\t\t<div data-elementor-type=\"wp-page\" data-elementor-id=\"21887\" class=\"elementor elementor-21887 elementor-21202\" data-elementor-post-type=\"page\">\n\t\t\t\t<div class=\"elementor-element elementor-element-61dafa4 e-con-full wd-section-stretch e-flex e-con e-parent\" data-id=\"61dafa4\" data-element_type=\"container\" data-e-type=\"container\" data-settings=\"{&quot;background_background&quot;:&quot;classic&quot;}\">\n\t\t\t\t<div class=\"elementor-element elementor-element-43149d1 elementor-widget elementor-widget-heading\" data-id=\"43149d1\" data-element_type=\"widget\" data-e-type=\"widget\" data-widget_type=\"heading.default\">\n\t\t\t\t<div class=\"elementor-widget-container\">\n\t\t\t\t\t<h2 class=\"elementor-heading-title elementor-size-default\">\u00c1reas de Pr\u00e1ctica<\/h2>\t\t\t\t<\/div>\n\t\t\t\t<\/div>\n\t\t\t\t<\/div>\n\t\t<div class=\"elementor-element elementor-element-4444502 wd-section-stretch e-flex e-con-boxed e-con e-parent\" data-id=\"4444502\" data-element_type=\"container\" data-e-type=\"container\" data-settings=\"{&quot;background_background&quot;:&quot;classic&quot;}\">\n\t\t\t\t\t<div class=\"e-con-inner\">\n\t\t<div class=\"elementor-element elementor-element-81ddb3a e-flex e-con-boxed e-con e-child\" data-id=\"81ddb3a\" data-element_type=\"container\" data-e-type=\"container\">\n\t\t\t\t\t<div class=\"e-con-inner\">\n\t\t<div class=\"elementor-element elementor-element-e900805 e-con-full e-flex e-con e-child\" data-id=\"e900805\" data-element_type=\"container\" data-e-type=\"container\">\n\t\t\t\t<div class=\"elementor-element elementor-element-17f93af elementor-widget elementor-widget-heading\" data-id=\"17f93af\" data-element_type=\"widget\" data-e-type=\"widget\" data-widget_type=\"heading.default\">\n\t\t\t\t<div class=\"elementor-widget-container\">\n\t\t\t\t\t<h2 class=\"elementor-heading-title elementor-size-default\">\u00c1reas de Pr\u00e1ctica<\/h2>\t\t\t\t<\/div>\n\t\t\t\t<\/div>\n\t\t\t\t<div class=\"elementor-element elementor-element-3f99e95 elementor-nav-menu__align-start elementor-nav-menu--dropdown-none elementor-widget elementor-widget-nav-menu\" data-id=\"3f99e95\" data-element_type=\"widget\" data-e-type=\"widget\" data-settings=\"{&quot;layout&quot;:&quot;vertical&quot;,&quot;submenu_icon&quot;:{&quot;value&quot;:&quot;&lt;svg aria-hidden=\\&quot;true\\&quot; class=\\&quot;e-font-icon-svg e-fas-caret-down\\&quot; viewBox=\\&quot;0 0 320 512\\&quot; xmlns=\\&quot;http:\\\/\\\/www.w3.org\\\/2000\\\/svg\\&quot;&gt;&lt;path d=\\&quot;M31.3 192h257.3c17.8 0 26.7 21.5 14.1 34.1L174.1 354.8c-7.8 7.8-20.5 7.8-28.3 0L17.2 226.1C4.6 213.5 13.5 192 31.3 192z\\&quot;&gt;&lt;\\\/path&gt;&lt;\\\/svg&gt;&quot;,&quot;library&quot;:&quot;fa-solid&quot;}}\" data-widget_type=\"nav-menu.default\">\n\t\t\t\t<div class=\"elementor-widget-container\">\n\t\t\t\t\t\t\t\t<nav aria-label=\"Menu\" class=\"elementor-nav-menu--main elementor-nav-menu__container elementor-nav-menu--layout-vertical e--pointer-background e--animation-fade\">\n\t\t\t\t<ul id=\"menu-1-3f99e95\" class=\"elementor-nav-menu sm-vertical\"><li class=\"menu-item menu-item-type-post_type menu-item-object-page menu-item-21960\"><a href=\"https:\/\/solano-law.com\/es\/areas-de-practica\/sociedades-anonimas\/\" class=\"elementor-item\">Sociedades An\u00f3nimas<\/a><\/li>\n<li class=\"menu-item menu-item-type-post_type menu-item-object-page menu-item-21961\"><a href=\"https:\/\/solano-law.com\/es\/areas-de-practica\/fundaciones-de-interes-privado\/\" class=\"elementor-item\">Fundaciones de Inter\u00e9s Privado<\/a><\/li>\n<li class=\"menu-item menu-item-type-post_type menu-item-object-page menu-item-21962\"><a href=\"https:\/\/solano-law.com\/es\/areas-de-practica\/apertura-y-expansion-de-negocios\/\" class=\"elementor-item\">Apertura y Expansi\u00f3n de Negocios<\/a><\/li>\n<li class=\"menu-item menu-item-type-post_type menu-item-object-page menu-item-21963\"><a href=\"https:\/\/solano-law.com\/es\/areas-de-practica\/propiedad-industrial-y-derechos-de-autor\/\" class=\"elementor-item\">Propiedad Industrial y Derechos de Autor<\/a><\/li>\n<li class=\"menu-item menu-item-type-post_type menu-item-object-page menu-item-21964\"><a href=\"https:\/\/solano-law.com\/es\/areas-de-practica\/registro-sanitario\/\" class=\"elementor-item\">Registro Sanitario<\/a><\/li>\n<li class=\"menu-item menu-item-type-post_type menu-item-object-page menu-item-21965\"><a href=\"https:\/\/solano-law.com\/es\/areas-de-practica\/migracion\/\" class=\"elementor-item\">Migraci\u00f3n<\/a><\/li>\n<li class=\"menu-item menu-item-type-post_type menu-item-object-page menu-item-21966\"><a href=\"https:\/\/solano-law.com\/es\/areas-de-practica\/bienes-raices\/\" class=\"elementor-item\">Bienes Ra\u00edces<\/a><\/li>\n<li class=\"menu-item menu-item-type-post_type menu-item-object-page menu-item-21967\"><a href=\"https:\/\/solano-law.com\/es\/areas-de-practica\/contratos\/\" class=\"elementor-item\">Contratos<\/a><\/li>\n<li class=\"menu-item menu-item-type-post_type menu-item-object-page menu-item-21968\"><a href=\"https:\/\/solano-law.com\/es\/areas-de-practica\/litigios\/\" class=\"elementor-item\">Litigios<\/a><\/li>\n<li class=\"menu-item menu-item-type-post_type menu-item-object-page menu-item-21969\"><a href=\"https:\/\/solano-law.com\/es\/areas-de-practica\/asuntos-administrativos\/\" class=\"elementor-item\">Asuntos Administrativos<\/a><\/li>\n<\/ul>\t\t\t<\/nav>\n\t\t\t\t\t\t<nav class=\"elementor-nav-menu--dropdown elementor-nav-menu__container\" aria-hidden=\"true\">\n\t\t\t\t<ul id=\"menu-2-3f99e95\" class=\"elementor-nav-menu sm-vertical\"><li class=\"menu-item menu-item-type-post_type menu-item-object-page menu-item-21960\"><a href=\"https:\/\/solano-law.com\/es\/areas-de-practica\/sociedades-anonimas\/\" class=\"elementor-item\" tabindex=\"-1\">Sociedades An\u00f3nimas<\/a><\/li>\n<li class=\"menu-item menu-item-type-post_type menu-item-object-page menu-item-21961\"><a href=\"https:\/\/solano-law.com\/es\/areas-de-practica\/fundaciones-de-interes-privado\/\" class=\"elementor-item\" tabindex=\"-1\">Fundaciones de Inter\u00e9s Privado<\/a><\/li>\n<li class=\"menu-item menu-item-type-post_type menu-item-object-page menu-item-21962\"><a href=\"https:\/\/solano-law.com\/es\/areas-de-practica\/apertura-y-expansion-de-negocios\/\" class=\"elementor-item\" tabindex=\"-1\">Apertura y Expansi\u00f3n de Negocios<\/a><\/li>\n<li class=\"menu-item menu-item-type-post_type menu-item-object-page menu-item-21963\"><a href=\"https:\/\/solano-law.com\/es\/areas-de-practica\/propiedad-industrial-y-derechos-de-autor\/\" class=\"elementor-item\" tabindex=\"-1\">Propiedad Industrial y Derechos de Autor<\/a><\/li>\n<li class=\"menu-item menu-item-type-post_type menu-item-object-page menu-item-21964\"><a href=\"https:\/\/solano-law.com\/es\/areas-de-practica\/registro-sanitario\/\" class=\"elementor-item\" tabindex=\"-1\">Registro Sanitario<\/a><\/li>\n<li class=\"menu-item menu-item-type-post_type menu-item-object-page menu-item-21965\"><a href=\"https:\/\/solano-law.com\/es\/areas-de-practica\/migracion\/\" class=\"elementor-item\" tabindex=\"-1\">Migraci\u00f3n<\/a><\/li>\n<li class=\"menu-item menu-item-type-post_type menu-item-object-page menu-item-21966\"><a href=\"https:\/\/solano-law.com\/es\/areas-de-practica\/bienes-raices\/\" class=\"elementor-item\" tabindex=\"-1\">Bienes Ra\u00edces<\/a><\/li>\n<li class=\"menu-item menu-item-type-post_type menu-item-object-page menu-item-21967\"><a href=\"https:\/\/solano-law.com\/es\/areas-de-practica\/contratos\/\" class=\"elementor-item\" tabindex=\"-1\">Contratos<\/a><\/li>\n<li class=\"menu-item menu-item-type-post_type menu-item-object-page menu-item-21968\"><a href=\"https:\/\/solano-law.com\/es\/areas-de-practica\/litigios\/\" class=\"elementor-item\" tabindex=\"-1\">Litigios<\/a><\/li>\n<li class=\"menu-item menu-item-type-post_type menu-item-object-page menu-item-21969\"><a href=\"https:\/\/solano-law.com\/es\/areas-de-practica\/asuntos-administrativos\/\" class=\"elementor-item\" tabindex=\"-1\">Asuntos Administrativos<\/a><\/li>\n<\/ul>\t\t\t<\/nav>\n\t\t\t\t\t\t<\/div>\n\t\t\t\t<\/div>\n\t\t\t\t<\/div>\n\t\t<div class=\"elementor-element elementor-element-f1795b4 e-con-full e-flex e-con e-child\" data-id=\"f1795b4\" data-element_type=\"container\" data-e-type=\"container\">\n\t\t\t\t<div class=\"elementor-element elementor-element-f1dd48d elementor-widget elementor-widget-heading\" data-id=\"f1dd48d\" data-element_type=\"widget\" data-e-type=\"widget\" data-widget_type=\"heading.default\">\n\t\t\t\t<div class=\"elementor-widget-container\">\n\t\t\t\t\t<h2 class=\"elementor-heading-title elementor-size-default\">Fundaciones de Inter\u00e9s Privado<\/h2>\t\t\t\t<\/div>\n\t\t\t\t<\/div>\n\t\t\t\t<div class=\"elementor-element elementor-element-b0cb00c color-scheme-inherit text-left elementor-widget elementor-widget-text-editor\" data-id=\"b0cb00c\" data-element_type=\"widget\" data-e-type=\"widget\" data-widget_type=\"text-editor.default\">\n\t\t\t\t<div class=\"elementor-widget-container\">\n\t\t\t\t\t\t\t\t\t<p>Tan solo dos pa\u00edses en el mundo cuentan con leyes que permiten la constituci\u00f3n de fundaciones de inter\u00e9s privado, y Panam\u00e1 es uno de ellos. Las fundaciones de inter\u00e9s privado son instrumentos legales utilizados con fines de administraci\u00f3n de bienes y patrimonios en beneficio de terceras personas, denominadas beneficiarios. Las fundaciones de inter\u00e9s privado combinan en una sola figura los beneficios de las sociedades an\u00f3nimas y los fideicomisos.<\/p><p>En resumen, por conducto de una fundaci\u00f3n de inter\u00e9s privado, una persona denominada fundadora, concede un patrimonio determinado a la administraci\u00f3n de un consejo, para ser administrado en beneficio de uno o varios beneficiarios, con el objetivo de que el resultado de dicho beneficio se perciba de manera inmediata, futura, o bien condicionada a un eventual hecho futuro. Las fundaciones de inter\u00e9s privado en Panam\u00e1, ofrecen las siguientes ventajas:<\/p><ul><li>Los bienes de propiedad de una fundaci\u00f3n de inter\u00e9s privado, est\u00e1n protegidos de una manera especial por la legislaci\u00f3n que las regula. En virtud de ello, estos no\u00a0 pueden ser objeto de secuestros ni embargos.<\/li><li>Las fundaciones de inter\u00e9s privado permiten traspasar bienes a favor de los beneficiarios al momento de producirse la desaparici\u00f3n f\u00edsica del fundador. De esta forma, una fundaci\u00f3n de inter\u00e9s privado se puede utilizar en reemplazo de un testamento, con la ventaja adicional de que para su ejecuci\u00f3n no se requiere\u00a0 de ning\u00fan proceso de sucesi\u00f3n ante los Tribunales. Con ello se evita la p\u00e9rdida de tiempo y dinero que se ocasiona con estos tr\u00e1mites judiciales.<\/li><li>Los bienes de una fundaci\u00f3n de inter\u00e9s privado son independientes y no forman parte del patrimonio del fundador. De manera que al igual que una sociedad an\u00f3nima, sirve como una herramienta eficaz de protecci\u00f3n de activos y organizaci\u00f3n financiera, con la ventaja adicional de que los bienes puestos a nombre de una fundaci\u00f3n de inter\u00e9s privado son insecuestrables e inembargables.<\/li><\/ul>\t\t\t\t\t\t\t\t<\/div>\n\t\t\t\t<\/div>\n\t\t\t\t<\/div>\n\t\t\t\t\t<\/div>\n\t\t\t\t<\/div>\n\t\t\t\t\t<\/div>\n\t\t\t\t<\/div>\n\t\t\t\t<\/div>\n\t\t","protected":false},"excerpt":{"rendered":"<p>\u00c1reas de Pr\u00e1ctica \u00c1reas de Pr\u00e1ctica Tan solo dos pa\u00edses en el mundo cuentan con leyes que permiten la constituci\u00f3n<\/p>\n","protected":false},"author":1,"featured_media":0,"parent":21878,"menu_order":0,"comment_status":"closed","ping_status":"closed","template":"elementor_header_footer","meta":{"footnotes":""},"class_list":["post-21887","page","type-page","status-publish","hentry"],"_links":{"self":[{"href":"https:\/\/solano-law.com\/es\/wp-json\/wp\/v2\/pages\/21887","targetHints":{"allow":["GET"]}}],"collection":[{"href":"https:\/\/solano-law.com\/es\/wp-json\/wp\/v2\/pages"}],"about":[{"href":"https:\/\/solano-law.com\/es\/wp-json\/wp\/v2\/types\/page"}],"author":[{"embeddable":true,"href":"https:\/\/solano-law.com\/es\/wp-json\/wp\/v2\/users\/1"}],"replies":[{"embeddable":true,"href":"https:\/\/solano-law.com\/es\/wp-json\/wp\/v2\/comments?post=21887"}],"version-history":[{"count":5,"href":"https:\/\/solano-law.com\/es\/wp-json\/wp\/v2\/pages\/21887\/revisions"}],"predecessor-version":[{"id":22000,"href":"https:\/\/solano-law.com\/es\/wp-json\/wp\/v2\/pages\/21887\/revisions\/22000"}],"up":[{"embeddable":true,"href":"https:\/\/solano-law.com\/es\/wp-json\/wp\/v2\/pages\/21878"}],"wp:attachment":[{"href":"https:\/\/solano-law.com\/es\/wp-json\/wp\/v2\/media?parent=21887"}],"curies":[{"name":"wp","href":"https:\/\/api.w.org\/{rel}","templated":true}]}}