{"id":21890,"date":"2025-05-07T00:11:53","date_gmt":"2025-05-07T05:11:53","guid":{"rendered":"https:\/\/solano-law.com\/politica-de-privacidad\/"},"modified":"2025-05-29T21:09:44","modified_gmt":"2025-05-30T02:09:44","slug":"politica-de-privacidad","status":"publish","type":"page","link":"https:\/\/solano-law.com\/es\/politica-de-privacidad\/","title":{"rendered":"Pol\u00edtica de Privacidad"},"content":{"rendered":"\t\t<div data-elementor-type=\"wp-page\" data-elementor-id=\"21890\" class=\"elementor elementor-21890 elementor-21446\" data-elementor-post-type=\"page\">\n\t\t\t\t<div class=\"elementor-element elementor-element-3131f75 e-con-full wd-section-stretch e-flex e-con e-parent\" data-id=\"3131f75\" data-element_type=\"container\" data-e-type=\"container\" data-settings=\"{&quot;background_background&quot;:&quot;classic&quot;}\">\n\t\t\t\t<div class=\"elementor-element elementor-element-dcc2069 elementor-widget elementor-widget-heading\" data-id=\"dcc2069\" data-element_type=\"widget\" data-e-type=\"widget\" data-widget_type=\"heading.default\">\n\t\t\t\t<div class=\"elementor-widget-container\">\n\t\t\t\t\t<h2 class=\"elementor-heading-title elementor-size-default\">Pol\u00edtica de Privacidad<\/h2>\t\t\t\t<\/div>\n\t\t\t\t<\/div>\n\t\t\t\t<\/div>\n\t\t<div class=\"elementor-element elementor-element-3e554a5 wd-section-stretch e-flex e-con-boxed e-con e-parent\" data-id=\"3e554a5\" data-element_type=\"container\" data-e-type=\"container\" data-settings=\"{&quot;background_background&quot;:&quot;classic&quot;}\">\n\t\t\t\t\t<div class=\"e-con-inner\">\n\t\t<div class=\"wd-negative-gap elementor-element elementor-element-60dd8a5 e-flex e-con-boxed e-con e-child\" data-id=\"60dd8a5\" data-element_type=\"container\" data-e-type=\"container\">\n\t\t\t\t\t<div class=\"e-con-inner\">\n\t\t\t\t<div class=\"elementor-element elementor-element-654a6bf color-scheme-inherit text-left elementor-widget elementor-widget-text-editor\" data-id=\"654a6bf\" data-element_type=\"widget\" data-e-type=\"widget\" data-widget_type=\"text-editor.default\">\n\t\t\t\t<div class=\"elementor-widget-container\">\n\t\t\t\t\t\t\t\t\t<p>Esta Pol\u00edtica de Privacidad regula la forma en que\u00a0<strong>Solano-Law.com<\/strong>\u00a0recopila, utiliza, mantiene y divulga informaci\u00f3n recopilada de los usuarios (cada uno, un \u201cUsuario\u201d) del sitio web\u00a0<strong>www.solano-law.com<\/strong>\u00a0(\u201cSitio\u201d). Esta pol\u00edtica de privacidad se aplica al Sitio ya todos los productos y servicios ofrecidos por\u00a0<strong>Solano-Law.com<\/strong>.<\/p><p><strong>Informaci\u00f3n de identificaci\u00f3n personal<\/strong><\/p><p>Podemos recopilar informaci\u00f3n de identificaci\u00f3n personal de los Usuarios de varias maneras, incluyendo, pero no limitado a, cuando los Usuarios visitan nuestro sitio, se registran en el sitio, se suscriben al bolet\u00edn, responden a una encuesta, llenan un formulario y en conexi\u00f3n Con otras actividades, servicios, caracter\u00edsticas o recursos que ponemos a disposici\u00f3n en nuestro Sitio. Se puede pedir a los usuarios, seg\u00fan corresponda, nombre, direcci\u00f3n de correo electr\u00f3nico, n\u00famero de tel\u00e9fono. Sin embargo, los usuarios pueden visitar nuestro sitio de forma an\u00f3nima. Recopilaremos la informaci\u00f3n de identificaci\u00f3n personal de los Usuarios solamente si voluntariamente nos env\u00edan dicha informaci\u00f3n. Los usuarios siempre pueden negarse a proporcionar informaci\u00f3n personal de identificaci\u00f3n, excepto que puede impedirles participar en ciertas actividades relacionadas con el Sitio.<\/p><p><strong>Informaci\u00f3n de identificaci\u00f3n no personal<\/strong><\/p><p>Podemos recopilar informaci\u00f3n de identificaci\u00f3n no personal sobre los Usuarios siempre que interact\u00faen con nuestro Sitio. La informaci\u00f3n de identificaci\u00f3n no personal puede incluir el nombre del navegador, el tipo de computadora y la informaci\u00f3n t\u00e9cnica sobre los medios de conexi\u00f3n a nuestro sitio, como el sistema operativo y los proveedores de servicios de Internet utilizados y otra informaci\u00f3n similar.<\/p><p><strong>Cookies del navegador web<\/strong><\/p><p>Nuestro Sitio puede usar \u201ccookies\u201d para mejorar la experiencia del Usuario. El navegador web del usuario coloca las cookies en su disco duro para fines de mantenimiento de registros ya veces para rastrear informaci\u00f3n sobre ellas. El usuario puede elegir establecer su navegador web para rechazar las cookies o para avisarle cuando se env\u00edan las cookies. Si lo hacen, tenga en cuenta que algunas partes del Sitio pueden no funcionar correctamente.<\/p><p><strong>C\u00f3mo utilizamos la informaci\u00f3n recopilada<\/strong><\/p><p><strong>Solano-Law.com<\/strong>\u00a0puede recopilar y usar la informaci\u00f3n personal de los Usuarios para los siguientes prop\u00f3sitos:<\/p><p><strong>\u2013 Mejorar el servicio al cliente<\/strong><br \/>La informaci\u00f3n que nos proporciona nos ayuda a responder a sus solicitudes de servicio al cliente y necesidades de soporte de manera m\u00e1s eficiente.<\/p><p><strong>\u2013 Personalizar la experiencia del usuario<\/strong><br \/>Podemos utilizar la informaci\u00f3n en conjunto para entender c\u00f3mo nuestros Usuarios como grupo usan los servicios y recursos proporcionados en nuestro Sitio.<\/p><p><strong>\u2013 Para mejorar nuestro sitio<\/strong><br \/>Podemos utilizar los comentarios que proporcione para mejorar nuestros productos y servicios.<\/p><p><strong>\u2013 Para ejecutar una promoci\u00f3n, concurso, encuesta u otra funci\u00f3n del Sitio<\/strong><br \/>Enviar a los Usuarios la informaci\u00f3n que acordaron recibir sobre temas que consideramos de inter\u00e9s para ellos.<\/p><p><strong>\u2013 Enviar correos electr\u00f3nicos peri\u00f3dicos<\/strong><br \/>Podemos usar la direcci\u00f3n de correo electr\u00f3nico para enviar informaci\u00f3n del Usuario y actualizaciones relacionadas con su pedido. Tambi\u00e9n se puede utilizar para responder a sus preguntas, preguntas y \/ o otras solicitudes. Si el Usuario decide optar a nuestra lista de correo, recibir\u00e1 correos electr\u00f3nicos que pueden incluir noticias de la compa\u00f1\u00eda, actualizaciones, informaci\u00f3n relacionada con productos o servicios, etc. Si en alg\u00fan momento el Usuario desea cancelar la suscripci\u00f3n de recibir futuros correos electr\u00f3nicos, Las instrucciones de cancelaci\u00f3n de suscripci\u00f3n al final de cada correo electr\u00f3nico o Usuario pueden comunicarse con nosotros a trav\u00e9s de nuestro Sitio.<br \/>C\u00f3mo protegemos su informaci\u00f3n<\/p><p>Adoptamos pr\u00e1cticas adecuadas de recopilaci\u00f3n, almacenamiento y procesamiento de datos y medidas de seguridad para proteger contra el acceso no autorizado, alteraci\u00f3n, divulgaci\u00f3n o destrucci\u00f3n de su informaci\u00f3n personal, nombre de usuario, contrase\u00f1a, informaci\u00f3n de transacci\u00f3n y datos almacenados en nuestro Sitio.<\/p><p>El intercambio de datos confidenciales y privados entre el Sitio y sus Usuarios ocurre a trav\u00e9s de un canal de comunicaci\u00f3n seguro SSL y es cifrado y protegido con firmas digitales.<\/p><p><strong>C\u00f3mo compartir su informaci\u00f3n personal<\/strong><\/p><p>No vendemos, comerciamos ni alquilamos la informaci\u00f3n de identificaci\u00f3n personal de los Usuarios a terceros. Podemos compartir informaci\u00f3n demogr\u00e1fica agregada gen\u00e9rica no vinculada a ninguna informaci\u00f3n de identificaci\u00f3n personal con respecto a visitantes y usuarios con nuestros socios de negocios, afiliados de confianza y anunciantes para los prop\u00f3sitos descritos anteriormente.<\/p><p><strong>Sitios web de terceros<\/strong><\/p><p>Los usuarios pueden encontrar publicidad u otros contenidos en nuestro sitio que enlazan con los sitios y servicios de nuestros socios, proveedores, anunciantes, patrocinadores, licenciantes y otros terceros. No controlamos el contenido o los enlaces que aparecen en estos sitios y no somos responsables de las pr\u00e1cticas empleadas por los sitios web vinculados a o desde nuestro sitio. Adem\u00e1s, estos sitios o servicios, incluyendo su contenido y enlaces, pueden estar cambiando constantemente. Estos sitios y servicios pueden tener sus propias pol\u00edticas de privacidad y pol\u00edticas de servicio al cliente. Navegar e interactuar en cualquier otro sitio web, incluyendo sitios web que tengan un enlace a nuestro Sitio, est\u00e1 sujeto a los t\u00e9rminos y pol\u00edticas de ese sitio web.<\/p><p><strong>Cambios en esta pol\u00edtica de privacidad<\/strong><\/p><p><strong>Solano-Law.com<\/strong>\u00a0tiene la discreci\u00f3n de actualizar esta pol\u00edtica de privacidad en cualquier momento. Cuando lo hagamos, revisaremos la fecha actualizada al final de esta p\u00e1gina. Animamos a los Usuarios a revisar frecuentemente esta p\u00e1gina para cualquier cambio para mantenerse informado sobre c\u00f3mo estamos ayudando a proteger la informaci\u00f3n personal que recopilamos. Usted reconoce y acepta que es su responsabilidad revisar esta pol\u00edtica de privacidad peri\u00f3dicamente y tomar conocimiento de las modificaciones.<\/p><p><strong>Su aceptaci\u00f3n de estos t\u00e9rminos<\/strong><\/p><p>Al usar este Sitio, usted significa su aceptaci\u00f3n de esta pol\u00edtica. Si no est\u00e1 de acuerdo con esta pol\u00edtica, no utilice nuestro sitio. Su uso continuado del Sitio despu\u00e9s de la publicaci\u00f3n de cambios en esta pol\u00edtica se considerar\u00e1 su aceptaci\u00f3n de dichos cambios.<\/p><p><strong>Cont\u00e1ctenos<\/strong><\/p><p>Si tiene alguna pregunta sobre esta Pol\u00edtica de privacidad, las pr\u00e1cticas de este sitio o sus tratos con este sitio, p\u00f3ngase en\u00a0contacto\u00a0con nosotros.<\/p><p><strong>Solano-Law.com<\/strong><br \/><span style=\"text-decoration: underline;\"><span style=\"color: #000080;\"><strong><a style=\"color: #2668a4; text-decoration: underline;\" href=\"https:\/\/www.solano-law.com\/\">www.solano-law.com<\/a><\/strong><\/span><\/span><\/p>\t\t\t\t\t\t\t\t<\/div>\n\t\t\t\t<\/div>\n\t\t\t\t\t<\/div>\n\t\t\t\t<\/div>\n\t\t\t\t\t<\/div>\n\t\t\t\t<\/div>\n\t\t\t\t<\/div>\n\t\t","protected":false},"excerpt":{"rendered":"<p>Pol\u00edtica de Privacidad Esta Pol\u00edtica de Privacidad regula la forma en que\u00a0Solano-Law.com\u00a0recopila, utiliza, mantiene y divulga informaci\u00f3n recopilada de los<\/p>\n","protected":false},"author":1,"featured_media":0,"parent":0,"menu_order":0,"comment_status":"closed","ping_status":"closed","template":"elementor_header_footer","meta":{"footnotes":""},"class_list":["post-21890","page","type-page","status-publish","hentry"],"_links":{"self":[{"href":"https:\/\/solano-law.com\/es\/wp-json\/wp\/v2\/pages\/21890","targetHints":{"allow":["GET"]}}],"collection":[{"href":"https:\/\/solano-law.com\/es\/wp-json\/wp\/v2\/pages"}],"about":[{"href":"https:\/\/solano-law.com\/es\/wp-json\/wp\/v2\/types\/page"}],"author":[{"embeddable":true,"href":"https:\/\/solano-law.com\/es\/wp-json\/wp\/v2\/users\/1"}],"replies":[{"embeddable":true,"href":"https:\/\/solano-law.com\/es\/wp-json\/wp\/v2\/comments?post=21890"}],"version-history":[{"count":6,"href":"https:\/\/solano-law.com\/es\/wp-json\/wp\/v2\/pages\/21890\/revisions"}],"predecessor-version":[{"id":22060,"href":"https:\/\/solano-law.com\/es\/wp-json\/wp\/v2\/pages\/21890\/revisions\/22060"}],"wp:attachment":[{"href":"https:\/\/solano-law.com\/es\/wp-json\/wp\/v2\/media?parent=21890"}],"curies":[{"name":"wp","href":"https:\/\/api.w.org\/{rel}","templated":true}]}}