{"id":21894,"date":"2025-05-06T22:46:04","date_gmt":"2025-05-07T03:46:04","guid":{"rendered":"https:\/\/solano-law.com\/areas-de-practica\/litigios\/"},"modified":"2025-05-29T21:00:06","modified_gmt":"2025-05-30T02:00:06","slug":"litigios","status":"publish","type":"page","link":"https:\/\/solano-law.com\/es\/areas-de-practica\/litigios\/","title":{"rendered":"Litigios"},"content":{"rendered":"\t\t<div data-elementor-type=\"wp-page\" data-elementor-id=\"21894\" class=\"elementor elementor-21894 elementor-21259\" data-elementor-post-type=\"page\">\n\t\t\t\t<div class=\"elementor-element elementor-element-a96fff8 e-con-full wd-section-stretch e-flex e-con e-parent\" data-id=\"a96fff8\" data-element_type=\"container\" data-e-type=\"container\" data-settings=\"{&quot;background_background&quot;:&quot;classic&quot;}\">\n\t\t\t\t<div class=\"elementor-element elementor-element-600d9e3 elementor-widget elementor-widget-heading\" data-id=\"600d9e3\" data-element_type=\"widget\" data-e-type=\"widget\" data-widget_type=\"heading.default\">\n\t\t\t\t<div class=\"elementor-widget-container\">\n\t\t\t\t\t<h2 class=\"elementor-heading-title elementor-size-default\">\u00c1reas de Pr\u00e1ctica<\/h2>\t\t\t\t<\/div>\n\t\t\t\t<\/div>\n\t\t\t\t<\/div>\n\t\t<div class=\"elementor-element elementor-element-e399cbb wd-section-stretch e-flex e-con-boxed e-con e-parent\" data-id=\"e399cbb\" data-element_type=\"container\" data-e-type=\"container\" data-settings=\"{&quot;background_background&quot;:&quot;classic&quot;}\">\n\t\t\t\t\t<div class=\"e-con-inner\">\n\t\t<div class=\"elementor-element elementor-element-9a614a4 e-flex e-con-boxed e-con e-child\" data-id=\"9a614a4\" data-element_type=\"container\" data-e-type=\"container\">\n\t\t\t\t\t<div class=\"e-con-inner\">\n\t\t<div class=\"elementor-element elementor-element-42be0a7 e-con-full e-flex e-con e-child\" data-id=\"42be0a7\" data-element_type=\"container\" data-e-type=\"container\">\n\t\t\t\t<div class=\"elementor-element elementor-element-2f6a57e elementor-widget elementor-widget-heading\" data-id=\"2f6a57e\" data-element_type=\"widget\" data-e-type=\"widget\" data-widget_type=\"heading.default\">\n\t\t\t\t<div class=\"elementor-widget-container\">\n\t\t\t\t\t<h2 class=\"elementor-heading-title elementor-size-default\">\u00c1reas de Pr\u00e1ctica<\/h2>\t\t\t\t<\/div>\n\t\t\t\t<\/div>\n\t\t\t\t<div class=\"elementor-element elementor-element-e497598 elementor-nav-menu__align-start elementor-nav-menu--dropdown-none elementor-widget elementor-widget-nav-menu\" data-id=\"e497598\" data-element_type=\"widget\" data-e-type=\"widget\" data-settings=\"{&quot;layout&quot;:&quot;vertical&quot;,&quot;submenu_icon&quot;:{&quot;value&quot;:&quot;&lt;svg aria-hidden=\\&quot;true\\&quot; class=\\&quot;e-font-icon-svg e-fas-caret-down\\&quot; viewBox=\\&quot;0 0 320 512\\&quot; xmlns=\\&quot;http:\\\/\\\/www.w3.org\\\/2000\\\/svg\\&quot;&gt;&lt;path d=\\&quot;M31.3 192h257.3c17.8 0 26.7 21.5 14.1 34.1L174.1 354.8c-7.8 7.8-20.5 7.8-28.3 0L17.2 226.1C4.6 213.5 13.5 192 31.3 192z\\&quot;&gt;&lt;\\\/path&gt;&lt;\\\/svg&gt;&quot;,&quot;library&quot;:&quot;fa-solid&quot;}}\" data-widget_type=\"nav-menu.default\">\n\t\t\t\t<div class=\"elementor-widget-container\">\n\t\t\t\t\t\t\t\t<nav aria-label=\"Menu\" class=\"elementor-nav-menu--main elementor-nav-menu__container elementor-nav-menu--layout-vertical e--pointer-background e--animation-fade\">\n\t\t\t\t<ul id=\"menu-1-e497598\" class=\"elementor-nav-menu sm-vertical\"><li class=\"menu-item menu-item-type-post_type menu-item-object-page menu-item-21960\"><a href=\"https:\/\/solano-law.com\/es\/areas-de-practica\/sociedades-anonimas\/\" class=\"elementor-item\">Sociedades An\u00f3nimas<\/a><\/li>\n<li class=\"menu-item menu-item-type-post_type menu-item-object-page menu-item-21961\"><a href=\"https:\/\/solano-law.com\/es\/areas-de-practica\/fundaciones-de-interes-privado\/\" class=\"elementor-item\">Fundaciones de Inter\u00e9s Privado<\/a><\/li>\n<li class=\"menu-item menu-item-type-post_type menu-item-object-page menu-item-21962\"><a href=\"https:\/\/solano-law.com\/es\/areas-de-practica\/apertura-y-expansion-de-negocios\/\" class=\"elementor-item\">Apertura y Expansi\u00f3n de Negocios<\/a><\/li>\n<li class=\"menu-item menu-item-type-post_type menu-item-object-page menu-item-21963\"><a href=\"https:\/\/solano-law.com\/es\/areas-de-practica\/propiedad-industrial-y-derechos-de-autor\/\" class=\"elementor-item\">Propiedad Industrial y Derechos de Autor<\/a><\/li>\n<li class=\"menu-item menu-item-type-post_type menu-item-object-page menu-item-21964\"><a href=\"https:\/\/solano-law.com\/es\/areas-de-practica\/registro-sanitario\/\" class=\"elementor-item\">Registro Sanitario<\/a><\/li>\n<li class=\"menu-item menu-item-type-post_type menu-item-object-page menu-item-21965\"><a href=\"https:\/\/solano-law.com\/es\/areas-de-practica\/migracion\/\" class=\"elementor-item\">Migraci\u00f3n<\/a><\/li>\n<li class=\"menu-item menu-item-type-post_type menu-item-object-page menu-item-21966\"><a href=\"https:\/\/solano-law.com\/es\/areas-de-practica\/bienes-raices\/\" class=\"elementor-item\">Bienes Ra\u00edces<\/a><\/li>\n<li class=\"menu-item menu-item-type-post_type menu-item-object-page menu-item-21967\"><a href=\"https:\/\/solano-law.com\/es\/areas-de-practica\/contratos\/\" class=\"elementor-item\">Contratos<\/a><\/li>\n<li class=\"menu-item menu-item-type-post_type menu-item-object-page menu-item-21968\"><a href=\"https:\/\/solano-law.com\/es\/areas-de-practica\/litigios\/\" class=\"elementor-item\">Litigios<\/a><\/li>\n<li class=\"menu-item menu-item-type-post_type menu-item-object-page menu-item-21969\"><a href=\"https:\/\/solano-law.com\/es\/areas-de-practica\/asuntos-administrativos\/\" class=\"elementor-item\">Asuntos Administrativos<\/a><\/li>\n<\/ul>\t\t\t<\/nav>\n\t\t\t\t\t\t<nav class=\"elementor-nav-menu--dropdown elementor-nav-menu__container\" aria-hidden=\"true\">\n\t\t\t\t<ul id=\"menu-2-e497598\" class=\"elementor-nav-menu sm-vertical\"><li class=\"menu-item menu-item-type-post_type menu-item-object-page menu-item-21960\"><a href=\"https:\/\/solano-law.com\/es\/areas-de-practica\/sociedades-anonimas\/\" class=\"elementor-item\" tabindex=\"-1\">Sociedades An\u00f3nimas<\/a><\/li>\n<li class=\"menu-item menu-item-type-post_type menu-item-object-page menu-item-21961\"><a href=\"https:\/\/solano-law.com\/es\/areas-de-practica\/fundaciones-de-interes-privado\/\" class=\"elementor-item\" tabindex=\"-1\">Fundaciones de Inter\u00e9s Privado<\/a><\/li>\n<li class=\"menu-item menu-item-type-post_type menu-item-object-page menu-item-21962\"><a href=\"https:\/\/solano-law.com\/es\/areas-de-practica\/apertura-y-expansion-de-negocios\/\" class=\"elementor-item\" tabindex=\"-1\">Apertura y Expansi\u00f3n de Negocios<\/a><\/li>\n<li class=\"menu-item menu-item-type-post_type menu-item-object-page menu-item-21963\"><a href=\"https:\/\/solano-law.com\/es\/areas-de-practica\/propiedad-industrial-y-derechos-de-autor\/\" class=\"elementor-item\" tabindex=\"-1\">Propiedad Industrial y Derechos de Autor<\/a><\/li>\n<li class=\"menu-item menu-item-type-post_type menu-item-object-page menu-item-21964\"><a href=\"https:\/\/solano-law.com\/es\/areas-de-practica\/registro-sanitario\/\" class=\"elementor-item\" tabindex=\"-1\">Registro Sanitario<\/a><\/li>\n<li class=\"menu-item menu-item-type-post_type menu-item-object-page menu-item-21965\"><a href=\"https:\/\/solano-law.com\/es\/areas-de-practica\/migracion\/\" class=\"elementor-item\" tabindex=\"-1\">Migraci\u00f3n<\/a><\/li>\n<li class=\"menu-item menu-item-type-post_type menu-item-object-page menu-item-21966\"><a href=\"https:\/\/solano-law.com\/es\/areas-de-practica\/bienes-raices\/\" class=\"elementor-item\" tabindex=\"-1\">Bienes Ra\u00edces<\/a><\/li>\n<li class=\"menu-item menu-item-type-post_type menu-item-object-page menu-item-21967\"><a href=\"https:\/\/solano-law.com\/es\/areas-de-practica\/contratos\/\" class=\"elementor-item\" tabindex=\"-1\">Contratos<\/a><\/li>\n<li class=\"menu-item menu-item-type-post_type menu-item-object-page menu-item-21968\"><a href=\"https:\/\/solano-law.com\/es\/areas-de-practica\/litigios\/\" class=\"elementor-item\" tabindex=\"-1\">Litigios<\/a><\/li>\n<li class=\"menu-item menu-item-type-post_type menu-item-object-page menu-item-21969\"><a href=\"https:\/\/solano-law.com\/es\/areas-de-practica\/asuntos-administrativos\/\" class=\"elementor-item\" tabindex=\"-1\">Asuntos Administrativos<\/a><\/li>\n<\/ul>\t\t\t<\/nav>\n\t\t\t\t\t\t<\/div>\n\t\t\t\t<\/div>\n\t\t\t\t<\/div>\n\t\t<div class=\"elementor-element elementor-element-87a77cf e-con-full e-flex e-con e-child\" data-id=\"87a77cf\" data-element_type=\"container\" data-e-type=\"container\">\n\t\t\t\t<div class=\"elementor-element elementor-element-aea99c0 elementor-widget elementor-widget-heading\" data-id=\"aea99c0\" data-element_type=\"widget\" data-e-type=\"widget\" data-widget_type=\"heading.default\">\n\t\t\t\t<div class=\"elementor-widget-container\">\n\t\t\t\t\t<h2 class=\"elementor-heading-title elementor-size-default\">Litigios<\/h2>\t\t\t\t<\/div>\n\t\t\t\t<\/div>\n\t\t\t\t<div class=\"elementor-element elementor-element-ad4ce81 color-scheme-inherit text-left elementor-widget elementor-widget-text-editor\" data-id=\"ad4ce81\" data-element_type=\"widget\" data-e-type=\"widget\" data-widget_type=\"text-editor.default\">\n\t\t\t\t<div class=\"elementor-widget-container\">\n\t\t\t\t\t\t\t\t\t<p>La protecci\u00f3n y salvaguarda de los derechos de clientes y amigos, es el norte de nuestro estudio jur\u00eddico. Nos especializamos en la representaci\u00f3n legal de nuestros clientes en pleitos de inusual complejidad, y nos caracterizamos por la utilizaci\u00f3n de los medios de prueba m\u00e1s t\u00e9cnicos y creativos, de aquellos permitidos por nuestra legislaci\u00f3n procesal.<\/p><p>Contamos en todo momento con los servicios profesionales de los especialistas m\u00e1s id\u00f3neos en cada materia, para procurar as\u00ed, criterios periciales de autoridad inobjetable en asuntos de diversa \u00edndole, como casos de negligencia m\u00e9dica, da\u00f1os y perjuicios ocasionados en la rama de la construcci\u00f3n, reproducciones il\u00edcitas de obras protegidas por el Derecho de Autor por la v\u00eda de la ingenier\u00eda inversa y otros mecanismos inusuales de reproducci\u00f3n, entre otros casos confiados a nuestra representaci\u00f3n.<\/p><p>Nos especializamos adem\u00e1s en asumir la defensa de nuestros clientes, en aquellos asuntos de \u00edndole penal, laboral, comercial, o administrativa, en los que se puedan ver envueltos ocasionalmente por raz\u00f3n del desarrollo en su actividad comercial; sea en calidad de acusadores, o en la condici\u00f3n de acusados.<\/p>\t\t\t\t\t\t\t\t<\/div>\n\t\t\t\t<\/div>\n\t\t\t\t<\/div>\n\t\t\t\t\t<\/div>\n\t\t\t\t<\/div>\n\t\t\t\t\t<\/div>\n\t\t\t\t<\/div>\n\t\t\t\t<\/div>\n\t\t","protected":false},"excerpt":{"rendered":"<p>\u00c1reas de Pr\u00e1ctica \u00c1reas de Pr\u00e1ctica La protecci\u00f3n y salvaguarda de los derechos de clientes y amigos, es el norte<\/p>\n","protected":false},"author":1,"featured_media":0,"parent":21878,"menu_order":0,"comment_status":"closed","ping_status":"closed","template":"elementor_header_footer","meta":{"footnotes":""},"class_list":["post-21894","page","type-page","status-publish","hentry"],"_links":{"self":[{"href":"https:\/\/solano-law.com\/es\/wp-json\/wp\/v2\/pages\/21894","targetHints":{"allow":["GET"]}}],"collection":[{"href":"https:\/\/solano-law.com\/es\/wp-json\/wp\/v2\/pages"}],"about":[{"href":"https:\/\/solano-law.com\/es\/wp-json\/wp\/v2\/types\/page"}],"author":[{"embeddable":true,"href":"https:\/\/solano-law.com\/es\/wp-json\/wp\/v2\/users\/1"}],"replies":[{"embeddable":true,"href":"https:\/\/solano-law.com\/es\/wp-json\/wp\/v2\/comments?post=21894"}],"version-history":[{"count":5,"href":"https:\/\/solano-law.com\/es\/wp-json\/wp\/v2\/pages\/21894\/revisions"}],"predecessor-version":[{"id":22028,"href":"https:\/\/solano-law.com\/es\/wp-json\/wp\/v2\/pages\/21894\/revisions\/22028"}],"up":[{"embeddable":true,"href":"https:\/\/solano-law.com\/es\/wp-json\/wp\/v2\/pages\/21878"}],"wp:attachment":[{"href":"https:\/\/solano-law.com\/es\/wp-json\/wp\/v2\/media?parent=21894"}],"curies":[{"name":"wp","href":"https:\/\/api.w.org\/{rel}","templated":true}]}}