{"id":21897,"date":"2025-05-06T23:18:37","date_gmt":"2025-05-07T04:18:37","guid":{"rendered":"https:\/\/solano-law.com\/oportunidades-de-inversion-en-panama\/"},"modified":"2025-05-29T21:23:53","modified_gmt":"2025-05-30T02:23:53","slug":"oportunidades-de-inversion-en-panama","status":"publish","type":"page","link":"https:\/\/solano-law.com\/es\/oportunidades-de-inversion-en-panama\/","title":{"rendered":"OPORTUNIDADES DE INVERSI\u00d3N EN PANAM\u00c1"},"content":{"rendered":"\t\t<div data-elementor-type=\"wp-page\" data-elementor-id=\"21897\" class=\"elementor elementor-21897 elementor-21322\" data-elementor-post-type=\"page\">\n\t\t\t\t<div class=\"elementor-element elementor-element-6abdb33 e-con-full wd-section-stretch e-flex e-con e-parent\" data-id=\"6abdb33\" data-element_type=\"container\" data-e-type=\"container\" data-settings=\"{&quot;background_background&quot;:&quot;classic&quot;}\">\n\t\t\t\t<div class=\"elementor-element elementor-element-ef2a033 elementor-widget-mobile__width-initial elementor-widget elementor-widget-heading\" data-id=\"ef2a033\" data-element_type=\"widget\" data-e-type=\"widget\" data-widget_type=\"heading.default\">\n\t\t\t\t<div class=\"elementor-widget-container\">\n\t\t\t\t\t<h2 class=\"elementor-heading-title elementor-size-default\">Oportunidades de Inversi\u00f3n en Panam\u00e1<\/h2>\t\t\t\t<\/div>\n\t\t\t\t<\/div>\n\t\t\t\t<\/div>\n\t\t<div class=\"elementor-element elementor-element-3e554a5 wd-section-stretch e-flex e-con-boxed e-con e-parent\" data-id=\"3e554a5\" data-element_type=\"container\" data-e-type=\"container\" data-settings=\"{&quot;background_background&quot;:&quot;classic&quot;}\">\n\t\t\t\t\t<div class=\"e-con-inner\">\n\t\t<div class=\"elementor-element elementor-element-60dd8a5 e-flex e-con-boxed e-con e-child\" data-id=\"60dd8a5\" data-element_type=\"container\" data-e-type=\"container\">\n\t\t\t\t\t<div class=\"e-con-inner\">\n\t\t<div class=\"elementor-element elementor-element-22de9bb e-con-full e-flex e-con e-child\" data-id=\"22de9bb\" data-element_type=\"container\" data-e-type=\"container\">\n\t\t\t\t<div class=\"elementor-element elementor-element-e90abf0 elementor-widget elementor-widget-heading\" data-id=\"e90abf0\" data-element_type=\"widget\" data-e-type=\"widget\" data-widget_type=\"heading.default\">\n\t\t\t\t<div class=\"elementor-widget-container\">\n\t\t\t\t\t<h2 class=\"elementor-heading-title elementor-size-default\">Oportunidades de Inversi\u00f3n<\/h2>\t\t\t\t<\/div>\n\t\t\t\t<\/div>\n\t\t\t\t<div class=\"elementor-element elementor-element-6c13e91 elementor-nav-menu__align-start elementor-nav-menu--dropdown-none elementor-widget elementor-widget-nav-menu\" data-id=\"6c13e91\" data-element_type=\"widget\" data-e-type=\"widget\" data-settings=\"{&quot;layout&quot;:&quot;vertical&quot;,&quot;submenu_icon&quot;:{&quot;value&quot;:&quot;&lt;svg aria-hidden=\\&quot;true\\&quot; class=\\&quot;e-font-icon-svg e-fas-caret-down\\&quot; viewBox=\\&quot;0 0 320 512\\&quot; xmlns=\\&quot;http:\\\/\\\/www.w3.org\\\/2000\\\/svg\\&quot;&gt;&lt;path d=\\&quot;M31.3 192h257.3c17.8 0 26.7 21.5 14.1 34.1L174.1 354.8c-7.8 7.8-20.5 7.8-28.3 0L17.2 226.1C4.6 213.5 13.5 192 31.3 192z\\&quot;&gt;&lt;\\\/path&gt;&lt;\\\/svg&gt;&quot;,&quot;library&quot;:&quot;fa-solid&quot;}}\" data-widget_type=\"nav-menu.default\">\n\t\t\t\t<div class=\"elementor-widget-container\">\n\t\t\t\t\t\t\t\t<nav aria-label=\"Menu\" class=\"elementor-nav-menu--main elementor-nav-menu__container elementor-nav-menu--layout-vertical e--pointer-background e--animation-fade\">\n\t\t\t\t<ul id=\"menu-1-6c13e91\" class=\"elementor-nav-menu sm-vertical\"><li class=\"menu-item menu-item-type-post_type menu-item-object-page menu-item-21970\"><a href=\"https:\/\/solano-law.com\/es\/oportunidades-de-inversion-en-panama\/zonas-procesadoras-para-la-exportacion\/\" class=\"elementor-item\">Zonas Procesadoras Para la Exportaci\u00f3n<\/a><\/li>\n<li class=\"menu-item menu-item-type-post_type menu-item-object-page menu-item-21972\"><a href=\"https:\/\/solano-law.com\/es\/oportunidades-de-inversion-en-panama\/zona-libre-de-colon\/\" class=\"elementor-item\">Zona Libre de Col\u00f3n<\/a><\/li>\n<li class=\"menu-item menu-item-type-post_type menu-item-object-page menu-item-21973\"><a href=\"https:\/\/solano-law.com\/es\/oportunidades-de-inversion-en-panama\/inversion-en-proyectos-turisticos\/\" class=\"elementor-item\">Inversi\u00f3n en Proyectos Tur\u00edsticos<\/a><\/li>\n<li class=\"menu-item menu-item-type-post_type menu-item-object-page menu-item-21974\"><a href=\"https:\/\/solano-law.com\/es\/oportunidades-de-inversion-en-panama\/ciudad-del-saber-y-tecno-parque\/\" class=\"elementor-item\">Ciudad del Saber y Tecno-Parque<\/a><\/li>\n<li class=\"menu-item menu-item-type-post_type menu-item-object-page menu-item-21975\"><a href=\"https:\/\/solano-law.com\/es\/oportunidades-de-inversion-en-panama\/industria-del-cine\/\" class=\"elementor-item\">Industria del Cine<\/a><\/li>\n<li class=\"menu-item menu-item-type-post_type menu-item-object-page menu-item-21976\"><a href=\"https:\/\/solano-law.com\/es\/oportunidades-de-inversion-en-panama\/agencia-panama-pacifico\/\" class=\"elementor-item\">Agencia Panam\u00e1 Pac\u00edfico<\/a><\/li>\n<\/ul>\t\t\t<\/nav>\n\t\t\t\t\t\t<nav class=\"elementor-nav-menu--dropdown elementor-nav-menu__container\" aria-hidden=\"true\">\n\t\t\t\t<ul id=\"menu-2-6c13e91\" class=\"elementor-nav-menu sm-vertical\"><li class=\"menu-item menu-item-type-post_type menu-item-object-page menu-item-21970\"><a href=\"https:\/\/solano-law.com\/es\/oportunidades-de-inversion-en-panama\/zonas-procesadoras-para-la-exportacion\/\" class=\"elementor-item\" tabindex=\"-1\">Zonas Procesadoras Para la Exportaci\u00f3n<\/a><\/li>\n<li class=\"menu-item menu-item-type-post_type menu-item-object-page menu-item-21972\"><a href=\"https:\/\/solano-law.com\/es\/oportunidades-de-inversion-en-panama\/zona-libre-de-colon\/\" class=\"elementor-item\" tabindex=\"-1\">Zona Libre de Col\u00f3n<\/a><\/li>\n<li class=\"menu-item menu-item-type-post_type menu-item-object-page menu-item-21973\"><a href=\"https:\/\/solano-law.com\/es\/oportunidades-de-inversion-en-panama\/inversion-en-proyectos-turisticos\/\" class=\"elementor-item\" tabindex=\"-1\">Inversi\u00f3n en Proyectos Tur\u00edsticos<\/a><\/li>\n<li class=\"menu-item menu-item-type-post_type menu-item-object-page menu-item-21974\"><a href=\"https:\/\/solano-law.com\/es\/oportunidades-de-inversion-en-panama\/ciudad-del-saber-y-tecno-parque\/\" class=\"elementor-item\" tabindex=\"-1\">Ciudad del Saber y Tecno-Parque<\/a><\/li>\n<li class=\"menu-item menu-item-type-post_type menu-item-object-page menu-item-21975\"><a href=\"https:\/\/solano-law.com\/es\/oportunidades-de-inversion-en-panama\/industria-del-cine\/\" class=\"elementor-item\" tabindex=\"-1\">Industria del Cine<\/a><\/li>\n<li class=\"menu-item menu-item-type-post_type menu-item-object-page menu-item-21976\"><a href=\"https:\/\/solano-law.com\/es\/oportunidades-de-inversion-en-panama\/agencia-panama-pacifico\/\" class=\"elementor-item\" tabindex=\"-1\">Agencia Panam\u00e1 Pac\u00edfico<\/a><\/li>\n<\/ul>\t\t\t<\/nav>\n\t\t\t\t\t\t<\/div>\n\t\t\t\t<\/div>\n\t\t\t\t<\/div>\n\t\t<div class=\"elementor-element elementor-element-192f680 e-con-full e-flex e-con e-child\" data-id=\"192f680\" data-element_type=\"container\" data-e-type=\"container\">\n\t\t\t\t<div class=\"elementor-element elementor-element-654a6bf color-scheme-inherit text-left elementor-widget elementor-widget-text-editor\" data-id=\"654a6bf\" data-element_type=\"widget\" data-e-type=\"widget\" data-widget_type=\"text-editor.default\">\n\t\t\t\t<div class=\"elementor-widget-container\">\n\t\t\t\t\t\t\t\t\t<p>Las normas legales que regulan las inversiones en la Rep\u00fablica de Panam\u00e1, siempre se han orientado a \u00a0su promoci\u00f3n, desde las peque\u00f1as y medianas empresas, hasta las inversiones en grandes obras, proyectos y empresas. Siguiendo esta orientaci\u00f3n, el pa\u00eds le coloc\u00f3 su sello de garant\u00eda a esta pol\u00edtica de promoci\u00f3n de las inversiones, al aprobar la Ley 54 de 1998, por medio de la cual confiere estabilidad jur\u00eddica a las inversiones.<\/p><p>Mediante esta ley se ofrece al inversionista, nacional o extranjero, una garant\u00eda de vigencia est\u00e1tica de las normas legales vigentes al momento de realizar la inversi\u00f3n. De esta forma, se garantiza por un periodo de 10 a\u00f1os, la estabilidad de la legislaci\u00f3n aplicable en materia fiscal, aduanera y laboral, a aquellas personas o empresas que realicen o se comprometan a realizar y mantener inversiones superiores a los US$2,000,000.00 en materia de turismo, actividades industriales, agr\u00edcolas, de exportaci\u00f3n, reforestaci\u00f3n, miner\u00eda, zonas procesadoras para la exportaci\u00f3n, zonas libres comerciales y petroleras, telecomunicaciones, construcci\u00f3n, desarrollo portuario y ferrocarriles, y cualquier otra actividad que apruebe el Consejo de Gabinete.<\/p><p>En adici\u00f3n a estos beneficios, se garantiza adem\u00e1s a quienes inviertan en alguna de estas actividades, una estabilidad jur\u00eddica general. En virtud de ello, se garantiza que en el evento de dictarse nuevas disposiciones legales que var\u00eden los derechos adquiridos de los inversionistas, estas disposiciones legales no podr\u00e1n afectar su r\u00e9gimen constitutivo, y el inversionista se mantendr\u00e1 \u00fanicamente sujeto al r\u00e9gimen vigente a la fecha de su registro ante el Ministerio de Comercio e Industrias. De manera que si alguno de los cambios introducidos, implicaran por ejemplo, la reducci\u00f3n o aumento de alg\u00fan impuesto, el inversionista registrado podr\u00e1 pagar el menor entre el nuevo impuesto y el anterior. As\u00ed, el impuesto nunca podr\u00e1 ser mayor (pero s\u00ed menor), al impuesto vigente al momento de su inscripci\u00f3n.<\/p><p>Por conducto de su sistema legal y estabilidad jur\u00eddica, Panam\u00e1 ofrece adem\u00e1s, incentivos adicionales espec\u00edficos que generan oportunidades de inversi\u00f3n en diversos sectores. A continuaci\u00f3n algunos de ellos.<\/p>\t\t\t\t\t\t\t\t<\/div>\n\t\t\t\t<\/div>\n\t\t\t\t<\/div>\n\t\t\t\t\t<\/div>\n\t\t\t\t<\/div>\n\t\t\t\t\t<\/div>\n\t\t\t\t<\/div>\n\t\t\t\t<\/div>\n\t\t","protected":false},"excerpt":{"rendered":"<p>Oportunidades de Inversi\u00f3n en Panam\u00e1 Oportunidades de Inversi\u00f3n Las normas legales que regulan las inversiones en la Rep\u00fablica de Panam\u00e1,<\/p>\n","protected":false},"author":1,"featured_media":0,"parent":0,"menu_order":0,"comment_status":"closed","ping_status":"closed","template":"elementor_header_footer","meta":{"footnotes":""},"class_list":["post-21897","page","type-page","status-publish","hentry"],"_links":{"self":[{"href":"https:\/\/solano-law.com\/es\/wp-json\/wp\/v2\/pages\/21897","targetHints":{"allow":["GET"]}}],"collection":[{"href":"https:\/\/solano-law.com\/es\/wp-json\/wp\/v2\/pages"}],"about":[{"href":"https:\/\/solano-law.com\/es\/wp-json\/wp\/v2\/types\/page"}],"author":[{"embeddable":true,"href":"https:\/\/solano-law.com\/es\/wp-json\/wp\/v2\/users\/1"}],"replies":[{"embeddable":true,"href":"https:\/\/solano-law.com\/es\/wp-json\/wp\/v2\/comments?post=21897"}],"version-history":[{"count":11,"href":"https:\/\/solano-law.com\/es\/wp-json\/wp\/v2\/pages\/21897\/revisions"}],"predecessor-version":[{"id":22069,"href":"https:\/\/solano-law.com\/es\/wp-json\/wp\/v2\/pages\/21897\/revisions\/22069"}],"wp:attachment":[{"href":"https:\/\/solano-law.com\/es\/wp-json\/wp\/v2\/media?parent=21897"}],"curies":[{"name":"wp","href":"https:\/\/api.w.org\/{rel}","templated":true}]}}